{"id":14348,"date":"2024-03-25T10:00:38","date_gmt":"2024-03-25T13:00:38","guid":{"rendered":"http:\/\/alerisnutrition.com\/?page_id=14348"},"modified":"2025-05-26T11:32:30","modified_gmt":"2025-05-26T14:32:30","slug":"requests-via-website","status":"publish","type":"page","link":"https:\/\/alerisnutrition.com\/en\/requests-via-website\/","title":{"rendered":"Requests via Website"},"content":{"rendered":"<div data-elementor-type=\"wp-page\" data-elementor-id=\"14348\" class=\"elementor elementor-14348\" data-elementor-post-type=\"page\">\n\t\t\t\t\t\t<section class=\"elementor-section elementor-top-section elementor-element elementor-element-1323be4 elementor-section-full_width elementor-section-height-default elementor-section-height-default\" data-id=\"1323be4\" data-element_type=\"section\" data-e-type=\"section\" data-settings=\"{&quot;background_background&quot;:&quot;classic&quot;}\">\n\t\t\t\t\t\t\t<div class=\"elementor-background-overlay\"><\/div>\n\t\t\t\t\t\t\t<div class=\"elementor-container elementor-column-gap-default\">\n\t\t\t\t\t<div class=\"elementor-column elementor-col-100 elementor-top-column elementor-element elementor-element-ac7986a ot-flex-column-vertical\" data-id=\"ac7986a\" data-element_type=\"column\" data-e-type=\"column\">\n\t\t\t<div class=\"elementor-widget-wrap elementor-element-populated\">\n\t\t\t\t\t\t<section class=\"elementor-section elementor-inner-section elementor-element elementor-element-a7ab490 elementor-section-boxed elementor-section-height-default elementor-section-height-default\" data-id=\"a7ab490\" data-element_type=\"section\" data-e-type=\"section\" data-settings=\"{&quot;background_background&quot;:&quot;classic&quot;}\">\n\t\t\t\t\t\t<div class=\"elementor-container elementor-column-gap-default\">\n\t\t\t\t\t<div class=\"elementor-column elementor-col-100 elementor-inner-column elementor-element elementor-element-a9f8890 ot-column-items-top ot-flex-column-vertical\" data-id=\"a9f8890\" data-element_type=\"column\" data-e-type=\"column\" data-settings=\"{&quot;background_background&quot;:&quot;classic&quot;}\">\n\t\t\t<div class=\"elementor-widget-wrap elementor-element-populated\">\n\t\t\t\t\t\t<div class=\"elementor-element elementor-element-0759c8b elementor-widget elementor-widget-heading\" data-id=\"0759c8b\" data-element_type=\"widget\" data-e-type=\"widget\" data-widget_type=\"heading.default\">\n\t\t\t\t<div class=\"elementor-widget-container\">\n\t\t\t\t\t<h2 class=\"elementor-heading-title elementor-size-default\">CANAL DE INFORMA\u00c7\u00d5ES ALERIS NUTRITION<\/h2>\t\t\t\t<\/div>\n\t\t\t\t<\/div>\n\t\t\t\t<div class=\"elementor-element elementor-element-eaccc8d elementor-widget__width-initial elementor-widget elementor-widget-text-editor\" data-id=\"eaccc8d\" data-element_type=\"widget\" data-e-type=\"widget\" data-widget_type=\"text-editor.default\">\n\t\t\t\t<div class=\"elementor-widget-container\">\n\t\t\t\t\t\t\t\t\t<p>SEND US YOUR REQUEST:<\/p>\t\t\t\t\t\t\t\t<\/div>\n\t\t\t\t<\/div>\n\t\t\t\t<div class=\"elementor-element elementor-element-0b8fb09 elementor-widget elementor-widget-ictf7\" data-id=\"0b8fb09\" data-element_type=\"widget\" data-e-type=\"widget\" data-widget_type=\"ictf7.default\">\n\t\t\t\t<div class=\"elementor-widget-container\">\n\t\t\t\t\t<div class=\"elementor-shortcode maxbizz-cf7-0\">\n<div class=\"wpcf7 no-js\" id=\"wpcf7-f13219-o1\" lang=\"pt-BR\" dir=\"ltr\" data-wpcf7-id=\"13219\">\n<div class=\"screen-reader-response\"><p role=\"status\" aria-live=\"polite\" aria-atomic=\"true\"><\/p> <ul><\/ul><\/div>\n<form action=\"\/en\/wp-json\/wp\/v2\/pages\/14348#wpcf7-f13219-o1\" method=\"post\" class=\"wpcf7-form init\" aria-label=\"Contact forms\" novalidate=\"novalidate\" data-status=\"init\" data-trp-original-action=\"\/en\/wp-json\/wp\/v2\/pages\/14348#wpcf7-f13219-o1\">\n<fieldset class=\"hidden-fields-container\"><input type=\"hidden\" name=\"_wpcf7\" value=\"13219\" \/><input type=\"hidden\" name=\"_wpcf7_version\" value=\"6.1.5\" \/><input type=\"hidden\" name=\"_wpcf7_locale\" value=\"pt_BR\" \/><input type=\"hidden\" name=\"_wpcf7_unit_tag\" value=\"wpcf7-f13219-o1\" \/><input type=\"hidden\" name=\"_wpcf7_container_post\" value=\"0\" \/><input type=\"hidden\" name=\"_wpcf7_posted_data_hash\" value=\"\" \/><input type=\"hidden\" name=\"_wpcf7_recaptcha_response\" value=\"\" \/>\n<\/fieldset>\n<p><span class=\"wpcf7-form-control-wrap\" data-name=\"checkbox-401\"><span class=\"wpcf7-form-control wpcf7-checkbox\"><span class=\"wpcf7-list-item first\"><label><input type=\"checkbox\" name=\"checkbox-401[]\" value=\"Receber uma Ficha T\u00e9cnica\" \/><span class=\"wpcf7-list-item-label\">Receive a Technical Sheet<\/span><\/label><\/span><span class=\"wpcf7-list-item last\"><label><input type=\"checkbox\" name=\"checkbox-401[]\" value=\"Consultar um especialista\" \/><span class=\"wpcf7-list-item-label\">Consult a specialist<\/span><\/label><\/span><\/span><\/span>\n<\/p>\n<p>Contact details:<br \/>\n<span class=\"wpcf7-form-control-wrap\" data-name=\"Nome\"><input size=\"40\" maxlength=\"400\" class=\"wpcf7-form-control wpcf7-text wpcf7-validates-as-required\" aria-required=\"true\" aria-invalid=\"false\" placeholder=\"Name:\" value=\"\" type=\"text\" name=\"Nome\" \/><\/span>\n<\/p>\n<p><span class=\"wpcf7-form-control-wrap\" data-name=\"e-Mail\"><input size=\"40\" maxlength=\"400\" class=\"wpcf7-form-control wpcf7-email wpcf7-validates-as-required wpcf7-text wpcf7-validates-as-email\" aria-required=\"true\" aria-invalid=\"false\" placeholder=\"Corporate email:\" value=\"\" type=\"email\" name=\"e-Mail\" \/><\/span>\n<\/p>\n<p><span class=\"wpcf7-form-control-wrap\" data-name=\"Empresa\"><input size=\"40\" maxlength=\"400\" class=\"wpcf7-form-control wpcf7-text wpcf7-validates-as-required\" aria-required=\"true\" aria-invalid=\"false\" placeholder=\"Company:\" value=\"\" type=\"text\" name=\"Empresa\" \/><\/span>\n<\/p>\n<p>Do you want to receive the Technical Sheet?<br \/>\n<span class=\"wpcf7-form-control-wrap\" data-name=\"Produto\"><input size=\"40\" maxlength=\"400\" class=\"wpcf7-form-control wpcf7-text wpcf7-validates-as-required\" aria-required=\"true\" aria-invalid=\"false\" placeholder=\"Indicate the product, please:\" value=\"\" type=\"text\" name=\"Produto\" \/><\/span>\n<\/p>\n<p>Have a question about the product?<br \/>\n<span class=\"wpcf7-form-control-wrap\" data-name=\"Mensagem\"><textarea cols=\"40\" rows=\"10\" maxlength=\"2000\" class=\"wpcf7-form-control wpcf7-textarea wpcf7-validates-as-required\" aria-required=\"true\" aria-invalid=\"false\" placeholder=\"Send your question to our technical team:\" name=\"Mensagem\"><\/textarea><\/span>\n<\/p>\n<p><input class=\"wpcf7-form-control wpcf7-submit has-spinner\" type=\"submit\" value=\"SEND REQUEST\" \/>\n<\/p><div class=\"wpcf7-response-output\" aria-hidden=\"true\"><\/div>\n<input type=\"hidden\" name=\"trp-form-language\" value=\"en\"\/><\/form>\n<\/div>\n<\/div> \t\t\t<script>\n \t\t\t        var theform = document.querySelector('.maxbizz-cf7-0');\n\t\t\t\t\t\ttheform.addEventListener( 'wpcf7mailsent', function( event ) {\n\t\t\t\t\t    location = 'https:\/\/alerisnutrition.com\/en\/';\n\t\t\t\t\t}, false );\n\t\t\t<\/script>\n\n\t\t\t\t\t\t<\/div>\n\t\t\t\t<\/div>\n\t\t\t\t\t<\/div>\n\t\t<\/div>\n\t\t\t\t\t<\/div>\n\t\t<\/section>\n\t\t\t\t<section class=\"elementor-section elementor-inner-section elementor-element elementor-element-2a0fab0 elementor-section-boxed elementor-section-height-default elementor-section-height-default\" data-id=\"2a0fab0\" data-element_type=\"section\" data-e-type=\"section\" data-settings=\"{&quot;background_background&quot;:&quot;classic&quot;}\">\n\t\t\t\t\t\t<div class=\"elementor-container elementor-column-gap-default\">\n\t\t\t\t\t<div class=\"elementor-column elementor-col-100 elementor-inner-column elementor-element elementor-element-2c3b194 ot-flex-column-vertical\" data-id=\"2c3b194\" data-element_type=\"column\" data-e-type=\"column\">\n\t\t\t<div class=\"elementor-widget-wrap\">\n\t\t\t\t\t\t\t<\/div>\n\t\t<\/div>\n\t\t\t\t\t<\/div>\n\t\t<\/section>\n\t\t\t\t\t<\/div>\n\t\t<\/div>\n\t\t\t\t\t<\/div>\n\t\t<\/section>\n\t\t\t\t<section class=\"elementor-section elementor-top-section elementor-element elementor-element-f2a1e9c elementor-section-height-min-height elementor-section-boxed elementor-section-height-default elementor-section-items-middle\" data-id=\"f2a1e9c\" data-element_type=\"section\" data-e-type=\"section\" data-settings=\"{&quot;background_background&quot;:&quot;classic&quot;}\">\n\t\t\t\t\t\t<div class=\"elementor-container elementor-column-gap-default\">\n\t\t\t\t\t<div class=\"elementor-column elementor-col-100 elementor-top-column elementor-element elementor-element-f075e05 ot-flex-column-vertical\" data-id=\"f075e05\" data-element_type=\"column\" data-e-type=\"column\">\n\t\t\t<div class=\"elementor-widget-wrap elementor-element-populated\">\n\t\t\t\t\t\t<section class=\"elementor-section elementor-inner-section elementor-element elementor-element-90831e4 elementor-section-boxed elementor-section-height-default elementor-section-height-default\" data-id=\"90831e4\" data-element_type=\"section\" data-e-type=\"section\">\n\t\t\t\t\t\t<div class=\"elementor-container elementor-column-gap-default\">\n\t\t\t\t\t<div class=\"elementor-column elementor-col-50 elementor-inner-column elementor-element elementor-element-7afdff0 ot-flex-column-vertical\" data-id=\"7afdff0\" data-element_type=\"column\" data-e-type=\"column\">\n\t\t\t<div class=\"elementor-widget-wrap elementor-element-populated\">\n\t\t\t\t\t\t<div class=\"elementor-element elementor-element-481c51d elementor-widget elementor-widget-heading\" data-id=\"481c51d\" data-element_type=\"widget\" data-e-type=\"widget\" data-widget_type=\"heading.default\">\n\t\t\t\t<div class=\"elementor-widget-container\">\n\t\t\t\t\t<h2 class=\"elementor-heading-title elementor-size-default\">*Your information is protected by the Data Protection Law (LGPD). Click on the image below and check out our privacy-friendly company certificate:<\/h2>\t\t\t\t<\/div>\n\t\t\t\t<\/div>\n\t\t\t\t\t<\/div>\n\t\t<\/div>\n\t\t\t\t<div class=\"elementor-column elementor-col-50 elementor-inner-column elementor-element elementor-element-b3df3ae ot-column-items-center ot-flex-column-vertical\" data-id=\"b3df3ae\" data-element_type=\"column\" data-e-type=\"column\">\n\t\t\t<div class=\"elementor-widget-wrap elementor-element-populated\">\n\t\t\t\t\t\t<div class=\"elementor-element elementor-element-349fa10 elementor-widget elementor-widget-image\" data-id=\"349fa10\" data-element_type=\"widget\" data-e-type=\"widget\" data-widget_type=\"image.default\">\n\t\t\t\t<div class=\"elementor-widget-container\">\n\t\t\t\t\t\t\t\t\t\t\t\t\t\t\t\t<a href=\"https:\/\/www.privacidade.com.br\/portal-de-privacidade\/?token=3d413a5b90ad9c3a705c76d74d8fe393&#038;site_url=http:\/\/alerisnutrition.com\" target=\"_blank\">\n\t\t\t\t\t\t\t<img decoding=\"async\" width=\"230\" height=\"65\" src=\"https:\/\/alerisnutrition.com\/wp-content\/uploads\/2023\/10\/selo_portal_de_privacidade.png\" class=\"attachment-large size-large wp-image-7536\" alt=\"aleris nutrition animal nutrition lgpd information security\" srcset=\"https:\/\/alerisnutrition.com\/wp-content\/uploads\/2023\/10\/selo_portal_de_privacidade.png 230w, https:\/\/alerisnutrition.com\/wp-content\/uploads\/2023\/10\/selo_portal_de_privacidade-18x5.png 18w\" sizes=\"(max-width: 230px) 100vw, 230px\" \/>\t\t\t\t\t\t\t\t<\/a>\n\t\t\t\t\t\t\t\t\t\t\t\t\t\t\t<\/div>\n\t\t\t\t<\/div>\n\t\t\t\t\t<\/div>\n\t\t<\/div>\n\t\t\t\t\t<\/div>\n\t\t<\/section>\n\t\t\t\t\t<\/div>\n\t\t<\/div>\n\t\t\t\t\t<\/div>\n\t\t<\/section>\n\t\t\t\t<\/div>","protected":false},"excerpt":{"rendered":"<p>CANAL DE INFORMA\u00c7\u00d5ES ALERIS NUTRITION ENVIE-NOS SUA SOLICITA\u00c7\u00c3O: Receber uma Ficha T\u00e9cnicaConsultar um especialista Dados para contato: Deseja receber a Ficha T\u00e9cnica? Tem uma d\u00favida sobre o produto? *Suas informa\u00e7\u00f5es est\u00e3o protegidas pela Lei de Prote\u00e7\u00e3o de Dados (LGPD). Clique na imagem abaixo e confira nosso certificado de empresa amiga da privacidade:<\/p>","protected":false},"author":2,"featured_media":0,"parent":0,"menu_order":0,"comment_status":"closed","ping_status":"closed","template":"","meta":{"_monsterinsights_skip_tracking":false,"_monsterinsights_sitenote_active":false,"_monsterinsights_sitenote_note":"","_monsterinsights_sitenote_category":0,"footnotes":""},"class_list":["post-14348","page","type-page","status-publish","hentry"],"aioseo_notices":[],"_links":{"self":[{"href":"https:\/\/alerisnutrition.com\/en\/wp-json\/wp\/v2\/pages\/14348","targetHints":{"allow":["GET"]}}],"collection":[{"href":"https:\/\/alerisnutrition.com\/en\/wp-json\/wp\/v2\/pages"}],"about":[{"href":"https:\/\/alerisnutrition.com\/en\/wp-json\/wp\/v2\/types\/page"}],"author":[{"embeddable":true,"href":"https:\/\/alerisnutrition.com\/en\/wp-json\/wp\/v2\/users\/2"}],"replies":[{"embeddable":true,"href":"https:\/\/alerisnutrition.com\/en\/wp-json\/wp\/v2\/comments?post=14348"}],"version-history":[{"count":10,"href":"https:\/\/alerisnutrition.com\/en\/wp-json\/wp\/v2\/pages\/14348\/revisions"}],"predecessor-version":[{"id":18602,"href":"https:\/\/alerisnutrition.com\/en\/wp-json\/wp\/v2\/pages\/14348\/revisions\/18602"}],"wp:attachment":[{"href":"https:\/\/alerisnutrition.com\/en\/wp-json\/wp\/v2\/media?parent=14348"}],"curies":[{"name":"wp","href":"https:\/\/api.w.org\/{rel}","templated":true}]}}