{"id":1883,"date":"2021-09-23T12:08:39","date_gmt":"2021-09-23T15:08:39","guid":{"rendered":"http:\/\/alerisnutrition.com\/publicar\/?page_id=1883"},"modified":"2025-07-12T19:38:43","modified_gmt":"2025-07-12T22:38:43","slug":"logistics","status":"publish","type":"page","link":"https:\/\/alerisnutrition.com\/en\/logistics\/","title":{"rendered":"Logistics"},"content":{"rendered":"<div data-elementor-type=\"wp-page\" data-elementor-id=\"1883\" class=\"elementor elementor-1883\" data-elementor-post-type=\"page\">\n\t\t\t\t\t\t<section class=\"elementor-section elementor-top-section elementor-element elementor-element-b424d6b elementor-section-height-min-height elementor-section-boxed elementor-section-height-default elementor-section-items-middle\" data-id=\"b424d6b\" data-element_type=\"section\" data-e-type=\"section\" data-settings=\"{&quot;background_background&quot;:&quot;classic&quot;}\">\n\t\t\t\t\t\t<div class=\"elementor-container elementor-column-gap-default\">\n\t\t\t\t\t<div class=\"elementor-column elementor-col-100 elementor-top-column elementor-element elementor-element-9c03b2a ot-flex-column-vertical\" data-id=\"9c03b2a\" data-element_type=\"column\" data-e-type=\"column\">\n\t\t\t<div class=\"elementor-widget-wrap elementor-element-populated\">\n\t\t\t\t\t\t<div class=\"elementor-element elementor-element-d60d43f elementor-widget__width-initial elementor-widget elementor-widget-text-editor\" data-id=\"d60d43f\" data-element_type=\"widget\" data-e-type=\"widget\" data-widget_type=\"text-editor.default\">\n\t\t\t\t<div class=\"elementor-widget-container\">\n\t\t\t\t\t\t\t\t\t<p style=\"text-align: center;\">\u00a0ABOUT US<\/p>\t\t\t\t\t\t\t\t<\/div>\n\t\t\t\t<\/div>\n\t\t\t\t<div class=\"elementor-element elementor-element-656f5a5 elementor-widget elementor-widget-text-editor\" data-id=\"656f5a5\" data-element_type=\"widget\" data-e-type=\"widget\" data-widget_type=\"text-editor.default\">\n\t\t\t\t<div class=\"elementor-widget-container\">\n\t\t\t\t\t\t\t\t\t<p style=\"text-align: center;\"><strong>Logistics<\/strong><\/p>\t\t\t\t\t\t\t\t<\/div>\n\t\t\t\t<\/div>\n\t\t\t\t\t<\/div>\n\t\t<\/div>\n\t\t\t\t\t<\/div>\n\t\t<\/section>\n\t\t\t\t<section class=\"elementor-section elementor-top-section elementor-element elementor-element-aeaf1cb elementor-section-content-middle elementor-section-boxed elementor-section-height-default elementor-section-height-default\" data-id=\"aeaf1cb\" data-element_type=\"section\" data-e-type=\"section\">\n\t\t\t\t\t\t<div class=\"elementor-container elementor-column-gap-extended\">\n\t\t\t\t\t<div class=\"elementor-column elementor-col-50 elementor-top-column elementor-element elementor-element-e209ac4 ot-column-items-center ot-flex-column-vertical\" data-id=\"e209ac4\" data-element_type=\"column\" data-e-type=\"column\" data-settings=\"{&quot;background_background&quot;:&quot;classic&quot;}\">\n\t\t\t<div class=\"elementor-widget-wrap elementor-element-populated\">\n\t\t\t\t\t\t<div class=\"elementor-element elementor-element-ea34d02 elementor-invisible elementor-widget elementor-widget-image\" data-id=\"ea34d02\" data-element_type=\"widget\" data-e-type=\"widget\" data-settings=\"{&quot;_animation&quot;:&quot;fadeInLeft&quot;}\" data-widget_type=\"image.default\">\n\t\t\t\t<div class=\"elementor-widget-container\">\n\t\t\t\t\t\t\t\t\t\t\t\t\t\t\t<img fetchpriority=\"high\" decoding=\"async\" width=\"630\" height=\"475\" src=\"https:\/\/alerisnutrition.com\/wp-content\/uploads\/2021\/09\/armazem-aleris-logistica-1.png\" class=\"attachment-large size-large wp-image-1925\" alt=\"Aleris Nutrition Logistics\" srcset=\"https:\/\/alerisnutrition.com\/wp-content\/uploads\/2021\/09\/armazem-aleris-logistica-1.png 630w, https:\/\/alerisnutrition.com\/wp-content\/uploads\/2021\/09\/armazem-aleris-logistica-1-300x226.png 300w, https:\/\/alerisnutrition.com\/wp-content\/uploads\/2021\/09\/armazem-aleris-logistica-1-16x12.png 16w\" sizes=\"(max-width: 630px) 100vw, 630px\" \/>\t\t\t\t\t\t\t\t\t\t\t\t\t\t\t<\/div>\n\t\t\t\t<\/div>\n\t\t\t\t\t<\/div>\n\t\t<\/div>\n\t\t\t\t<div class=\"elementor-column elementor-col-50 elementor-top-column elementor-element elementor-element-b4eae65 ot-flex-column-vertical\" data-id=\"b4eae65\" data-element_type=\"column\" data-e-type=\"column\">\n\t\t\t<div class=\"elementor-widget-wrap elementor-element-populated\">\n\t\t\t\t\t\t<div class=\"elementor-element elementor-element-ffd894c elementor-invisible elementor-widget elementor-widget-iheading\" data-id=\"ffd894c\" data-element_type=\"widget\" data-e-type=\"widget\" data-settings=\"{&quot;_animation&quot;:&quot;fadeInRight&quot;}\" data-widget_type=\"iheading.default\">\n\t\t\t\t<div class=\"elementor-widget-container\">\n\t\t\t\t\t\t\t<div class=\"ot-heading\">\n\t        <span class=\"is_highlight\">Logistics<\/span>\t        \t    <\/div>\n\t    \t\t\t\t<\/div>\n\t\t\t\t<\/div>\n\t\t\t\t<div class=\"elementor-element elementor-element-0ff9708 elementor-invisible elementor-widget elementor-widget-text-editor\" data-id=\"0ff9708\" data-element_type=\"widget\" data-e-type=\"widget\" data-settings=\"{&quot;_animation&quot;:&quot;fadeInUp&quot;}\" data-widget_type=\"text-editor.default\">\n\t\t\t\t<div class=\"elementor-widget-container\">\n\t\t\t\t\t\t\t\t\t<p class=\"p-md\">Nossos produtos s\u00e3o elaborados com base em <strong>padr\u00f5es de qualidade internacionais<\/strong>, permitindo atender clientes em qualquer regi\u00e3o do mundo.<\/p>\t\t\t\t\t\t\t\t<\/div>\n\t\t\t\t<\/div>\n\t\t\t\t<div class=\"elementor-element elementor-element-b84c6a9 elementor-invisible elementor-widget elementor-widget-image\" data-id=\"b84c6a9\" data-element_type=\"widget\" data-e-type=\"widget\" data-settings=\"{&quot;_animation&quot;:&quot;fadeInRight&quot;}\" data-widget_type=\"image.default\">\n\t\t\t\t<div class=\"elementor-widget-container\">\n\t\t\t\t\t\t\t\t\t\t\t\t\t\t\t<img decoding=\"async\" width=\"101\" height=\"93\" src=\"https:\/\/alerisnutrition.com\/wp-content\/uploads\/2021\/09\/icon-carrinho-caixa.png\" class=\"attachment-large size-large wp-image-1886\" alt=\"\" srcset=\"https:\/\/alerisnutrition.com\/wp-content\/uploads\/2021\/09\/icon-carrinho-caixa.png 101w, https:\/\/alerisnutrition.com\/wp-content\/uploads\/2021\/09\/icon-carrinho-caixa-13x12.png 13w\" sizes=\"(max-width: 101px) 100vw, 101px\" \/>\t\t\t\t\t\t\t\t\t\t\t\t\t\t\t<\/div>\n\t\t\t\t<\/div>\n\t\t\t\t<div class=\"elementor-element elementor-element-4a03e2e elementor-invisible elementor-widget elementor-widget-text-editor\" data-id=\"4a03e2e\" data-element_type=\"widget\" data-e-type=\"widget\" data-settings=\"{&quot;_animation&quot;:&quot;fadeInUp&quot;}\" data-widget_type=\"text-editor.default\">\n\t\t\t\t<div class=\"elementor-widget-container\">\n\t\t\t\t\t\t\t\t\t<p class=\"p-md\">We invest in our own logistics center to ensure our customers the quality\u00a0<strong>and integrity of our products throughout the supply chain.<\/strong><\/p>\t\t\t\t\t\t\t\t<\/div>\n\t\t\t\t<\/div>\n\t\t\t\t\t<\/div>\n\t\t<\/div>\n\t\t\t\t\t<\/div>\n\t\t<\/section>\n\t\t\t\t<section class=\"elementor-section elementor-top-section elementor-element elementor-element-cd40aa4 elementor-section-boxed elementor-section-height-default elementor-section-height-default\" data-id=\"cd40aa4\" data-element_type=\"section\" data-e-type=\"section\" data-settings=\"{&quot;background_background&quot;:&quot;classic&quot;}\">\n\t\t\t\t\t\t\t<div class=\"elementor-background-overlay\"><\/div>\n\t\t\t\t\t\t\t<div class=\"elementor-container elementor-column-gap-default\">\n\t\t\t\t\t<div class=\"elementor-column elementor-col-100 elementor-top-column elementor-element elementor-element-a781f9d ot-flex-column-vertical\" data-id=\"a781f9d\" data-element_type=\"column\" data-e-type=\"column\">\n\t\t\t<div class=\"elementor-widget-wrap elementor-element-populated\">\n\t\t\t\t\t\t<div class=\"elementor-element elementor-element-2296c35 elementor-invisible elementor-widget elementor-widget-image\" data-id=\"2296c35\" data-element_type=\"widget\" data-e-type=\"widget\" data-settings=\"{&quot;_animation&quot;:&quot;fadeInLeft&quot;}\" data-widget_type=\"image.default\">\n\t\t\t\t<div class=\"elementor-widget-container\">\n\t\t\t\t\t\t\t\t\t\t\t\t\t\t\t<img decoding=\"async\" width=\"630\" height=\"475\" src=\"https:\/\/alerisnutrition.com\/wp-content\/uploads\/2021\/09\/armazem-aleris-logistica-2.png\" class=\"attachment-large size-large wp-image-1935\" alt=\"\" srcset=\"https:\/\/alerisnutrition.com\/wp-content\/uploads\/2021\/09\/armazem-aleris-logistica-2.png 630w, https:\/\/alerisnutrition.com\/wp-content\/uploads\/2021\/09\/armazem-aleris-logistica-2-300x226.png 300w, https:\/\/alerisnutrition.com\/wp-content\/uploads\/2021\/09\/armazem-aleris-logistica-2-16x12.png 16w\" sizes=\"(max-width: 630px) 100vw, 630px\" \/>\t\t\t\t\t\t\t\t\t\t\t\t\t\t\t<\/div>\n\t\t\t\t<\/div>\n\t\t\t\t\t<\/div>\n\t\t<\/div>\n\t\t\t\t\t<\/div>\n\t\t<\/section>\n\t\t\t\t<section class=\"elementor-section elementor-top-section elementor-element elementor-element-232b49fc elementor-section-content-middle elementor-section-height-min-height elementor-section-full_width elementor-section-height-default elementor-section-items-middle elementor-invisible\" data-id=\"232b49fc\" data-element_type=\"section\" data-e-type=\"section\" data-settings=\"{&quot;background_background&quot;:&quot;classic&quot;,&quot;animation&quot;:&quot;fadeInRight&quot;}\">\n\t\t\t\t\t\t<div class=\"elementor-container elementor-column-gap-extended\">\n\t\t\t\t\t<div class=\"elementor-column elementor-col-20 elementor-top-column elementor-element elementor-element-5b1f9200 ot-column-items-center ot-flex-column-vertical\" data-id=\"5b1f9200\" data-element_type=\"column\" data-e-type=\"column\">\n\t\t\t<div class=\"elementor-widget-wrap\">\n\t\t\t\t\t\t\t<\/div>\n\t\t<\/div>\n\t\t\t\t<div class=\"elementor-column elementor-col-20 elementor-top-column elementor-element elementor-element-21645ea3 ot-column-items-center ot-flex-column-vertical\" data-id=\"21645ea3\" data-element_type=\"column\" data-e-type=\"column\">\n\t\t\t<div class=\"elementor-widget-wrap elementor-element-populated\">\n\t\t\t\t\t\t<div class=\"elementor-element elementor-element-5947c85c elementor-invisible elementor-widget elementor-widget-text-editor\" data-id=\"5947c85c\" data-element_type=\"widget\" data-e-type=\"widget\" data-settings=\"{&quot;_animation&quot;:&quot;slideInRight&quot;}\" data-widget_type=\"text-editor.default\">\n\t\t\t\t<div class=\"elementor-widget-container\">\n\t\t\t\t\t\t\t\t\t<p>INTERNATIONAL QUALITY CERTIFICATES<\/p>\t\t\t\t\t\t\t\t<\/div>\n\t\t\t\t<\/div>\n\t\t\t\t\t<\/div>\n\t\t<\/div>\n\t\t\t\t<div class=\"elementor-column elementor-col-20 elementor-top-column elementor-element elementor-element-62f05c1b ot-column-items-center ot-flex-column-vertical\" data-id=\"62f05c1b\" data-element_type=\"column\" data-e-type=\"column\">\n\t\t\t<div class=\"elementor-widget-wrap elementor-element-populated\">\n\t\t\t\t\t\t<div class=\"elementor-element elementor-element-c945246 elementor-invisible elementor-widget elementor-widget-image\" data-id=\"c945246\" data-element_type=\"widget\" data-e-type=\"widget\" data-settings=\"{&quot;_animation&quot;:&quot;slideInRight&quot;}\" data-widget_type=\"image.default\">\n\t\t\t\t<div class=\"elementor-widget-container\">\n\t\t\t\t\t\t\t\t\t\t\t\t\t\t\t<img loading=\"lazy\" decoding=\"async\" width=\"95\" height=\"87\" src=\"https:\/\/alerisnutrition.com\/wp-content\/uploads\/2021\/09\/logo-gmp.png\" class=\"attachment-large size-large wp-image-1798\" alt=\"\" srcset=\"https:\/\/alerisnutrition.com\/wp-content\/uploads\/2021\/09\/logo-gmp.png 95w, https:\/\/alerisnutrition.com\/wp-content\/uploads\/2021\/09\/logo-gmp-13x12.png 13w\" sizes=\"(max-width: 95px) 100vw, 95px\" \/>\t\t\t\t\t\t\t\t\t\t\t\t\t\t\t<\/div>\n\t\t\t\t<\/div>\n\t\t\t\t\t<\/div>\n\t\t<\/div>\n\t\t\t\t<div class=\"elementor-column elementor-col-20 elementor-top-column elementor-element elementor-element-557cf049 ot-column-items-center ot-flex-column-vertical\" data-id=\"557cf049\" data-element_type=\"column\" data-e-type=\"column\">\n\t\t\t<div class=\"elementor-widget-wrap elementor-element-populated\">\n\t\t\t\t\t\t<div class=\"elementor-element elementor-element-58636a5c elementor-invisible elementor-widget elementor-widget-image\" data-id=\"58636a5c\" data-element_type=\"widget\" data-e-type=\"widget\" data-settings=\"{&quot;_animation&quot;:&quot;slideInRight&quot;}\" data-widget_type=\"image.default\">\n\t\t\t\t<div class=\"elementor-widget-container\">\n\t\t\t\t\t\t\t\t\t\t\t\t\t\t\t<img loading=\"lazy\" decoding=\"async\" width=\"135\" height=\"124\" src=\"https:\/\/alerisnutrition.com\/wp-content\/uploads\/2022\/06\/fssc22.png\" class=\"attachment-large size-large wp-image-5823\" alt=\"\" srcset=\"https:\/\/alerisnutrition.com\/wp-content\/uploads\/2022\/06\/fssc22.png 135w, https:\/\/alerisnutrition.com\/wp-content\/uploads\/2022\/06\/fssc22-13x12.png 13w\" sizes=\"(max-width: 135px) 100vw, 135px\" \/>\t\t\t\t\t\t\t\t\t\t\t\t\t\t\t<\/div>\n\t\t\t\t<\/div>\n\t\t\t\t\t<\/div>\n\t\t<\/div>\n\t\t\t\t<div class=\"elementor-column elementor-col-20 elementor-top-column elementor-element elementor-element-3c5a136b ot-column-items-center ot-flex-column-vertical\" data-id=\"3c5a136b\" data-element_type=\"column\" data-e-type=\"column\">\n\t\t\t<div class=\"elementor-widget-wrap\">\n\t\t\t\t\t\t\t<\/div>\n\t\t<\/div>\n\t\t\t\t\t<\/div>\n\t\t<\/section>\n\t\t\t\t<\/div>","protected":false},"excerpt":{"rendered":"<p>\u00a0QUEM SOMOS Log\u00edstica Log\u00edstica Nossos produtos s\u00e3o elaborados com base em padr\u00f5es de qualidade internacionais, permitindo atender clientes em qualquer regi\u00e3o do mundo. Investimos em um centro log\u00edstico pr\u00f3prio de forma a assegurar a nossos clientes a qualidade\u00a0e maior integridade dos nossos produtos em toda a cadeia log\u00edstica. CERTIFICADOS INTERNACIONAIS DE QUALIDADE<\/p>","protected":false},"author":2,"featured_media":0,"parent":0,"menu_order":0,"comment_status":"closed","ping_status":"closed","template":"","meta":{"_monsterinsights_skip_tracking":false,"_monsterinsights_sitenote_active":false,"_monsterinsights_sitenote_note":"","_monsterinsights_sitenote_category":0,"footnotes":""},"class_list":["post-1883","page","type-page","status-publish","hentry"],"aioseo_notices":[],"_links":{"self":[{"href":"https:\/\/alerisnutrition.com\/en\/wp-json\/wp\/v2\/pages\/1883","targetHints":{"allow":["GET"]}}],"collection":[{"href":"https:\/\/alerisnutrition.com\/en\/wp-json\/wp\/v2\/pages"}],"about":[{"href":"https:\/\/alerisnutrition.com\/en\/wp-json\/wp\/v2\/types\/page"}],"author":[{"embeddable":true,"href":"https:\/\/alerisnutrition.com\/en\/wp-json\/wp\/v2\/users\/2"}],"replies":[{"embeddable":true,"href":"https:\/\/alerisnutrition.com\/en\/wp-json\/wp\/v2\/comments?post=1883"}],"version-history":[{"count":10,"href":"https:\/\/alerisnutrition.com\/en\/wp-json\/wp\/v2\/pages\/1883\/revisions"}],"predecessor-version":[{"id":20358,"href":"https:\/\/alerisnutrition.com\/en\/wp-json\/wp\/v2\/pages\/1883\/revisions\/20358"}],"wp:attachment":[{"href":"https:\/\/alerisnutrition.com\/en\/wp-json\/wp\/v2\/media?parent=1883"}],"curies":[{"name":"wp","href":"https:\/\/api.w.org\/{rel}","templated":true}]}}