{"id":1952,"date":"2021-09-23T13:59:13","date_gmt":"2021-09-23T16:59:13","guid":{"rendered":"http:\/\/alerisnutrition.com\/publicar\/?page_id=1952"},"modified":"2025-07-12T19:28:20","modified_gmt":"2025-07-12T22:28:20","slug":"what-we-do","status":"publish","type":"page","link":"https:\/\/alerisnutrition.com\/en\/what-we-do\/","title":{"rendered":"What we do"},"content":{"rendered":"<div data-elementor-type=\"wp-page\" data-elementor-id=\"1952\" class=\"elementor elementor-1952\" data-elementor-post-type=\"page\">\n\t\t\t\t\t\t<section class=\"elementor-section elementor-top-section elementor-element elementor-element-3cc324c elementor-section-height-min-height elementor-section-content-middle elementor-section-boxed elementor-section-height-default elementor-section-items-middle\" data-id=\"3cc324c\" data-element_type=\"section\" data-e-type=\"section\" data-settings=\"{&quot;background_background&quot;:&quot;classic&quot;}\">\n\t\t\t\t\t\t<div class=\"elementor-container elementor-column-gap-default\">\n\t\t\t\t\t<div class=\"elementor-column elementor-col-100 elementor-top-column elementor-element elementor-element-e6f281a ot-column-items-center ot-flex-column-vertical\" data-id=\"e6f281a\" data-element_type=\"column\" data-e-type=\"column\">\n\t\t\t<div class=\"elementor-widget-wrap elementor-element-populated\">\n\t\t\t\t\t\t<div class=\"elementor-element elementor-element-5477aa2 elementor-widget elementor-widget-text-editor\" data-id=\"5477aa2\" data-element_type=\"widget\" data-e-type=\"widget\" data-widget_type=\"text-editor.default\">\n\t\t\t\t<div class=\"elementor-widget-container\">\n\t\t\t\t\t\t\t\t\t<p style=\"text-align: center;\"><strong>What we do<\/strong><\/p>\t\t\t\t\t\t\t\t<\/div>\n\t\t\t\t<\/div>\n\t\t\t\t\t<\/div>\n\t\t<\/div>\n\t\t\t\t\t<\/div>\n\t\t<\/section>\n\t\t\t\t<section class=\"elementor-section elementor-top-section elementor-element elementor-element-2e44be6 elementor-section-content-middle elementor-section-boxed elementor-section-height-default elementor-section-height-default\" data-id=\"2e44be6\" data-element_type=\"section\" data-e-type=\"section\">\n\t\t\t\t\t\t<div class=\"elementor-container elementor-column-gap-default\">\n\t\t\t\t\t<div class=\"elementor-column elementor-col-100 elementor-top-column elementor-element elementor-element-0f2264f ot-flex-column-vertical\" data-id=\"0f2264f\" data-element_type=\"column\" data-e-type=\"column\">\n\t\t\t<div class=\"elementor-widget-wrap elementor-element-populated\">\n\t\t\t\t\t\t<section class=\"elementor-section elementor-inner-section elementor-element elementor-element-1fef73f elementor-section-boxed elementor-section-height-default elementor-section-height-default\" data-id=\"1fef73f\" data-element_type=\"section\" data-e-type=\"section\">\n\t\t\t\t\t\t<div class=\"elementor-container elementor-column-gap-default\">\n\t\t\t\t\t<div class=\"elementor-column elementor-col-100 elementor-inner-column elementor-element elementor-element-261563e ot-flex-column-vertical\" data-id=\"261563e\" data-element_type=\"column\" data-e-type=\"column\">\n\t\t\t<div class=\"elementor-widget-wrap elementor-element-populated\">\n\t\t\t\t\t\t<div class=\"elementor-element elementor-element-9f22c58 elementor-invisible elementor-widget elementor-widget-text-editor\" data-id=\"9f22c58\" data-element_type=\"widget\" data-e-type=\"widget\" data-settings=\"{&quot;_animation&quot;:&quot;slideInRight&quot;}\" data-widget_type=\"text-editor.default\">\n\t\t\t\t<div class=\"elementor-widget-container\">\n\t\t\t\t\t\t\t\t\t<p><strong>Somos uma empresa de tecnologia<\/strong> que desenvolve <strong>aditivos diferenciados para nutri\u00e7\u00e3o e sa\u00fade animal<\/strong>. Combinamos caracteriza\u00e7\u00e3o avan\u00e7ada de leveduras, formula\u00e7\u00f5es simbi\u00f3ticas de precis\u00e3o e <strong>ferramentas tecnol\u00f3gicas exclusivas<\/strong> para criar solu\u00e7\u00f5es que v\u00e3o <strong>al\u00e9m do convencional.<\/strong><\/p>\t\t\t\t\t\t\t\t<\/div>\n\t\t\t\t<\/div>\n\t\t\t\t\t<\/div>\n\t\t<\/div>\n\t\t\t\t\t<\/div>\n\t\t<\/section>\n\t\t\t\t<div class=\"elementor-element elementor-element-83effb4 elementor-invisible elementor-widget elementor-widget-image\" data-id=\"83effb4\" data-element_type=\"widget\" data-e-type=\"widget\" data-settings=\"{&quot;_animation&quot;:&quot;slideInRight&quot;}\" data-widget_type=\"image.default\">\n\t\t\t\t<div class=\"elementor-widget-container\">\n\t\t\t\t\t\t\t\t\t\t\t\t\t\t\t<img decoding=\"async\" width=\"93\" height=\"99\" src=\"https:\/\/alerisnutrition.com\/wp-content\/uploads\/2021\/09\/img-conteudo-o-que-fazemos.png\" class=\"attachment-large size-large wp-image-1954\" alt=\"\" srcset=\"https:\/\/alerisnutrition.com\/wp-content\/uploads\/2021\/09\/img-conteudo-o-que-fazemos.png 93w, https:\/\/alerisnutrition.com\/wp-content\/uploads\/2021\/09\/img-conteudo-o-que-fazemos-11x12.png 11w\" sizes=\"(max-width: 93px) 100vw, 93px\" \/>\t\t\t\t\t\t\t\t\t\t\t\t\t\t\t<\/div>\n\t\t\t\t<\/div>\n\t\t\t\t<section class=\"elementor-section elementor-inner-section elementor-element elementor-element-464ae0f elementor-section-boxed elementor-section-height-default elementor-section-height-default\" data-id=\"464ae0f\" data-element_type=\"section\" data-e-type=\"section\">\n\t\t\t\t\t\t<div class=\"elementor-container elementor-column-gap-default\">\n\t\t\t\t\t<div class=\"elementor-column elementor-col-100 elementor-inner-column elementor-element elementor-element-7a894cd ot-flex-column-vertical\" data-id=\"7a894cd\" data-element_type=\"column\" data-e-type=\"column\">\n\t\t\t<div class=\"elementor-widget-wrap elementor-element-populated\">\n\t\t\t\t\t\t<div class=\"elementor-element elementor-element-3569361 elementor-invisible elementor-widget elementor-widget-text-editor\" data-id=\"3569361\" data-element_type=\"widget\" data-e-type=\"widget\" data-settings=\"{&quot;_animation&quot;:&quot;slideInRight&quot;}\" data-widget_type=\"text-editor.default\">\n\t\t\t\t<div class=\"elementor-widget-container\">\n\t\t\t\t\t\t\t\t\t<p>For this, we have strong partnerships with research centers and we have a team with<\/p>\t\t\t\t\t\t\t\t<\/div>\n\t\t\t\t<\/div>\n\t\t\t\t\t<\/div>\n\t\t<\/div>\n\t\t\t\t\t<\/div>\n\t\t<\/section>\n\t\t\t\t<section class=\"elementor-section elementor-inner-section elementor-element elementor-element-aebac81 elementor-section-boxed elementor-section-height-default elementor-section-height-default\" data-id=\"aebac81\" data-element_type=\"section\" data-e-type=\"section\">\n\t\t\t\t\t\t<div class=\"elementor-container elementor-column-gap-default\">\n\t\t\t\t\t<div class=\"elementor-column elementor-col-50 elementor-inner-column elementor-element elementor-element-58bfc26 ot-flex-column-vertical\" data-id=\"58bfc26\" data-element_type=\"column\" data-e-type=\"column\">\n\t\t\t<div class=\"elementor-widget-wrap elementor-element-populated\">\n\t\t\t\t\t\t<div class=\"elementor-element elementor-element-8fe53ce elementor-invisible elementor-widget elementor-widget-heading\" data-id=\"8fe53ce\" data-element_type=\"widget\" data-e-type=\"widget\" data-settings=\"{&quot;_animation&quot;:&quot;slideInLeft&quot;}\" data-widget_type=\"heading.default\">\n\t\t\t\t<div class=\"elementor-widget-container\">\n\t\t\t\t\t<h2 class=\"elementor-heading-title elementor-size-default\">MORE THAN<\/h2>\t\t\t\t<\/div>\n\t\t\t\t<\/div>\n\t\t\t\t\t<\/div>\n\t\t<\/div>\n\t\t\t\t<div class=\"elementor-column elementor-col-50 elementor-inner-column elementor-element elementor-element-337a498 ot-flex-column-vertical\" data-id=\"337a498\" data-element_type=\"column\" data-e-type=\"column\">\n\t\t\t<div class=\"elementor-widget-wrap elementor-element-populated\">\n\t\t\t\t\t\t<div class=\"elementor-element elementor-element-baffaa5 elementor-widget__width-initial elementor-invisible elementor-widget elementor-widget-heading\" data-id=\"baffaa5\" data-element_type=\"widget\" data-e-type=\"widget\" data-settings=\"{&quot;_animation&quot;:&quot;slideInRight&quot;}\" data-widget_type=\"heading.default\">\n\t\t\t\t<div class=\"elementor-widget-container\">\n\t\t\t\t\t<h2 class=\"elementor-heading-title elementor-size-default\">30 YEARS OF EXPERIENCE<\/h2>\t\t\t\t<\/div>\n\t\t\t\t<\/div>\n\t\t\t\t\t<\/div>\n\t\t<\/div>\n\t\t\t\t\t<\/div>\n\t\t<\/section>\n\t\t\t\t\t<\/div>\n\t\t<\/div>\n\t\t\t\t\t<\/div>\n\t\t<\/section>\n\t\t\t\t<section class=\"elementor-section elementor-top-section elementor-element elementor-element-a86a309 elementor-section-boxed elementor-section-height-default elementor-section-height-default\" data-id=\"a86a309\" data-element_type=\"section\" data-e-type=\"section\">\n\t\t\t\t\t\t<div class=\"elementor-container elementor-column-gap-default\">\n\t\t\t\t\t<div class=\"elementor-column elementor-col-100 elementor-top-column elementor-element elementor-element-308733c ot-column-items-center ot-flex-column-vertical\" data-id=\"308733c\" data-element_type=\"column\" data-e-type=\"column\">\n\t\t\t<div class=\"elementor-widget-wrap elementor-element-populated\">\n\t\t\t\t\t\t<div class=\"elementor-element elementor-element-81cabfc elementor-widget__width-initial elementor-invisible elementor-widget elementor-widget-text-editor\" data-id=\"81cabfc\" data-element_type=\"widget\" data-e-type=\"widget\" data-settings=\"{&quot;_animation&quot;:&quot;slideInRight&quot;}\" data-widget_type=\"text-editor.default\">\n\t\t\t\t<div class=\"elementor-widget-container\">\n\t\t\t\t\t\t\t\t\t<p style=\"text-align: center;\">Always seeking to <strong>exceed the expectations of our customers and maximize the performance of our products.<\/strong><\/p>\t\t\t\t\t\t\t\t<\/div>\n\t\t\t\t<\/div>\n\t\t\t\t\t<\/div>\n\t\t<\/div>\n\t\t\t\t\t<\/div>\n\t\t<\/section>\n\t\t\t\t<section class=\"elementor-section elementor-top-section elementor-element elementor-element-8d7b86a elementor-section-full_width elementor-section-height-default elementor-section-height-default\" data-id=\"8d7b86a\" data-element_type=\"section\" data-e-type=\"section\">\n\t\t\t\t\t\t<div class=\"elementor-container elementor-column-gap-no\">\n\t\t\t\t\t<div class=\"elementor-column elementor-col-100 elementor-top-column elementor-element elementor-element-5529139 ot-flex-column-vertical\" data-id=\"5529139\" data-element_type=\"column\" data-e-type=\"column\">\n\t\t\t<div class=\"elementor-widget-wrap elementor-element-populated\">\n\t\t\t\t\t\t<div class=\"elementor-element elementor-element-7989bb4 elementor-invisible elementor-widget elementor-widget-image\" data-id=\"7989bb4\" data-element_type=\"widget\" data-e-type=\"widget\" data-settings=\"{&quot;_animation&quot;:&quot;fadeIn&quot;}\" data-widget_type=\"image.default\">\n\t\t\t\t<div class=\"elementor-widget-container\">\n\t\t\t\t\t\t\t\t\t\t\t\t\t\t\t<img fetchpriority=\"high\" decoding=\"async\" width=\"1920\" height=\"762\" src=\"https:\/\/alerisnutrition.com\/wp-content\/uploads\/2021\/09\/bg-animais-o-que-fazemos.jpg\" class=\"attachment-full size-full wp-image-1959\" alt=\"\" srcset=\"https:\/\/alerisnutrition.com\/wp-content\/uploads\/2021\/09\/bg-animais-o-que-fazemos.jpg 1920w, https:\/\/alerisnutrition.com\/wp-content\/uploads\/2021\/09\/bg-animais-o-que-fazemos-300x119.jpg 300w, https:\/\/alerisnutrition.com\/wp-content\/uploads\/2021\/09\/bg-animais-o-que-fazemos-1024x406.jpg 1024w, https:\/\/alerisnutrition.com\/wp-content\/uploads\/2021\/09\/bg-animais-o-que-fazemos-768x305.jpg 768w, https:\/\/alerisnutrition.com\/wp-content\/uploads\/2021\/09\/bg-animais-o-que-fazemos-1536x610.jpg 1536w, https:\/\/alerisnutrition.com\/wp-content\/uploads\/2021\/09\/bg-animais-o-que-fazemos-18x7.jpg 18w\" sizes=\"(max-width: 1920px) 100vw, 1920px\" \/>\t\t\t\t\t\t\t\t\t\t\t\t\t\t\t<\/div>\n\t\t\t\t<\/div>\n\t\t\t\t\t<\/div>\n\t\t<\/div>\n\t\t\t\t\t<\/div>\n\t\t<\/section>\n\t\t\t\t<section class=\"elementor-section elementor-top-section elementor-element elementor-element-700cf4d0 elementor-section-content-middle elementor-section-height-min-height elementor-section-full_width elementor-section-height-default elementor-section-items-middle elementor-invisible\" data-id=\"700cf4d0\" data-element_type=\"section\" data-e-type=\"section\" data-settings=\"{&quot;background_background&quot;:&quot;classic&quot;,&quot;animation&quot;:&quot;fadeInRight&quot;}\">\n\t\t\t\t\t\t<div class=\"elementor-container elementor-column-gap-extended\">\n\t\t\t\t\t<div class=\"elementor-column elementor-col-20 elementor-top-column elementor-element elementor-element-5d882ea7 ot-column-items-center ot-flex-column-vertical\" data-id=\"5d882ea7\" data-element_type=\"column\" data-e-type=\"column\">\n\t\t\t<div class=\"elementor-widget-wrap\">\n\t\t\t\t\t\t\t<\/div>\n\t\t<\/div>\n\t\t\t\t<div class=\"elementor-column elementor-col-20 elementor-top-column elementor-element elementor-element-785aeabe ot-column-items-center ot-flex-column-vertical\" data-id=\"785aeabe\" data-element_type=\"column\" data-e-type=\"column\">\n\t\t\t<div class=\"elementor-widget-wrap elementor-element-populated\">\n\t\t\t\t\t\t<div class=\"elementor-element elementor-element-17afb034 elementor-invisible elementor-widget elementor-widget-text-editor\" data-id=\"17afb034\" data-element_type=\"widget\" data-e-type=\"widget\" data-settings=\"{&quot;_animation&quot;:&quot;slideInRight&quot;}\" data-widget_type=\"text-editor.default\">\n\t\t\t\t<div class=\"elementor-widget-container\">\n\t\t\t\t\t\t\t\t\t<p>INTERNATIONAL QUALITY CERTIFICATES<\/p>\t\t\t\t\t\t\t\t<\/div>\n\t\t\t\t<\/div>\n\t\t\t\t\t<\/div>\n\t\t<\/div>\n\t\t\t\t<div class=\"elementor-column elementor-col-20 elementor-top-column elementor-element elementor-element-10a24fa4 ot-column-items-center ot-flex-column-vertical\" data-id=\"10a24fa4\" data-element_type=\"column\" data-e-type=\"column\">\n\t\t\t<div class=\"elementor-widget-wrap elementor-element-populated\">\n\t\t\t\t\t\t<div class=\"elementor-element elementor-element-4cb489de elementor-invisible elementor-widget elementor-widget-image\" data-id=\"4cb489de\" data-element_type=\"widget\" data-e-type=\"widget\" data-settings=\"{&quot;_animation&quot;:&quot;slideInRight&quot;}\" data-widget_type=\"image.default\">\n\t\t\t\t<div class=\"elementor-widget-container\">\n\t\t\t\t\t\t\t\t\t\t\t\t\t\t\t<img decoding=\"async\" width=\"95\" height=\"87\" src=\"https:\/\/alerisnutrition.com\/wp-content\/uploads\/2021\/09\/logo-gmp.png\" class=\"attachment-large size-large wp-image-1798\" alt=\"\" srcset=\"https:\/\/alerisnutrition.com\/wp-content\/uploads\/2021\/09\/logo-gmp.png 95w, https:\/\/alerisnutrition.com\/wp-content\/uploads\/2021\/09\/logo-gmp-13x12.png 13w\" sizes=\"(max-width: 95px) 100vw, 95px\" \/>\t\t\t\t\t\t\t\t\t\t\t\t\t\t\t<\/div>\n\t\t\t\t<\/div>\n\t\t\t\t\t<\/div>\n\t\t<\/div>\n\t\t\t\t<div class=\"elementor-column elementor-col-20 elementor-top-column elementor-element elementor-element-5bde9eb1 ot-column-items-center ot-flex-column-vertical\" data-id=\"5bde9eb1\" data-element_type=\"column\" data-e-type=\"column\">\n\t\t\t<div class=\"elementor-widget-wrap elementor-element-populated\">\n\t\t\t\t\t\t<div class=\"elementor-element elementor-element-74923547 elementor-invisible elementor-widget elementor-widget-image\" data-id=\"74923547\" data-element_type=\"widget\" data-e-type=\"widget\" data-settings=\"{&quot;_animation&quot;:&quot;slideInRight&quot;}\" data-widget_type=\"image.default\">\n\t\t\t\t<div class=\"elementor-widget-container\">\n\t\t\t\t\t\t\t\t\t\t\t\t\t\t\t<img loading=\"lazy\" decoding=\"async\" width=\"135\" height=\"124\" src=\"https:\/\/alerisnutrition.com\/wp-content\/uploads\/2022\/06\/fssc22.png\" class=\"attachment-large size-large wp-image-5823\" alt=\"\" srcset=\"https:\/\/alerisnutrition.com\/wp-content\/uploads\/2022\/06\/fssc22.png 135w, https:\/\/alerisnutrition.com\/wp-content\/uploads\/2022\/06\/fssc22-13x12.png 13w\" sizes=\"(max-width: 135px) 100vw, 135px\" \/>\t\t\t\t\t\t\t\t\t\t\t\t\t\t\t<\/div>\n\t\t\t\t<\/div>\n\t\t\t\t\t<\/div>\n\t\t<\/div>\n\t\t\t\t<div class=\"elementor-column elementor-col-20 elementor-top-column elementor-element elementor-element-58ae2375 ot-column-items-center ot-flex-column-vertical\" data-id=\"58ae2375\" data-element_type=\"column\" data-e-type=\"column\">\n\t\t\t<div class=\"elementor-widget-wrap\">\n\t\t\t\t\t\t\t<\/div>\n\t\t<\/div>\n\t\t\t\t\t<\/div>\n\t\t<\/section>\n\t\t\t\t<\/div>","protected":false},"excerpt":{"rendered":"<p>O que fazemos Somos uma empresa de tecnologia que desenvolve aditivos diferenciados para nutri\u00e7\u00e3o e sa\u00fade animal. Combinamos caracteriza\u00e7\u00e3o avan\u00e7ada de leveduras, formula\u00e7\u00f5es simbi\u00f3ticas de precis\u00e3o e ferramentas tecnol\u00f3gicas exclusivas para criar solu\u00e7\u00f5es que v\u00e3o al\u00e9m do convencional. Para isso, mantemos firmes parcerias com centros de pesquisa e contamos com uma equipe com MAIS DE [&hellip;]<\/p>\n","protected":false},"author":2,"featured_media":0,"parent":0,"menu_order":0,"comment_status":"closed","ping_status":"closed","template":"","meta":{"_monsterinsights_skip_tracking":false,"_monsterinsights_sitenote_active":false,"_monsterinsights_sitenote_note":"","_monsterinsights_sitenote_category":0,"footnotes":""},"class_list":["post-1952","page","type-page","status-publish","hentry"],"aioseo_notices":[],"_links":{"self":[{"href":"https:\/\/alerisnutrition.com\/en\/wp-json\/wp\/v2\/pages\/1952","targetHints":{"allow":["GET"]}}],"collection":[{"href":"https:\/\/alerisnutrition.com\/en\/wp-json\/wp\/v2\/pages"}],"about":[{"href":"https:\/\/alerisnutrition.com\/en\/wp-json\/wp\/v2\/types\/page"}],"author":[{"embeddable":true,"href":"https:\/\/alerisnutrition.com\/en\/wp-json\/wp\/v2\/users\/2"}],"replies":[{"embeddable":true,"href":"https:\/\/alerisnutrition.com\/en\/wp-json\/wp\/v2\/comments?post=1952"}],"version-history":[{"count":10,"href":"https:\/\/alerisnutrition.com\/en\/wp-json\/wp\/v2\/pages\/1952\/revisions"}],"predecessor-version":[{"id":20352,"href":"https:\/\/alerisnutrition.com\/en\/wp-json\/wp\/v2\/pages\/1952\/revisions\/20352"}],"wp:attachment":[{"href":"https:\/\/alerisnutrition.com\/en\/wp-json\/wp\/v2\/media?parent=1952"}],"curies":[{"name":"wp","href":"https:\/\/api.w.org\/{rel}","templated":true}]}}