{"id":2184,"date":"2021-09-30T15:31:37","date_gmt":"2021-09-30T18:31:37","guid":{"rendered":"http:\/\/alerisnutrition.com\/publicar\/?page_id=2184"},"modified":"2021-09-30T16:16:04","modified_gmt":"2021-09-30T19:16:04","slug":"synergis","status":"publish","type":"page","link":"https:\/\/alerisnutrition.com\/en\/synergis\/","title":{"rendered":"Synergis"},"content":{"rendered":"<div data-elementor-type=\"wp-page\" data-elementor-id=\"2184\" class=\"elementor elementor-2184\" data-elementor-post-type=\"page\">\n\t\t\t\t\t\t<section class=\"elementor-section elementor-top-section elementor-element elementor-element-a901f1c elementor-section-boxed elementor-section-height-default elementor-section-height-default\" data-id=\"a901f1c\" data-element_type=\"section\" data-e-type=\"section\">\n\t\t\t\t\t\t<div class=\"elementor-container elementor-column-gap-default\">\n\t\t\t\t\t<div class=\"elementor-column elementor-col-100 elementor-top-column elementor-element elementor-element-dabd327 ot-flex-column-vertical\" data-id=\"dabd327\" data-element_type=\"column\" data-e-type=\"column\">\n\t\t\t<div class=\"elementor-widget-wrap\">\n\t\t\t\t\t\t\t<\/div>\n\t\t<\/div>\n\t\t\t\t\t<\/div>\n\t\t<\/section>\n\t\t\t\t<section class=\"elementor-section elementor-top-section elementor-element elementor-element-db1842d elementor-section-boxed elementor-section-height-default elementor-section-height-default\" data-id=\"db1842d\" data-element_type=\"section\" data-e-type=\"section\">\n\t\t\t\t\t\t<div class=\"elementor-container elementor-column-gap-default\">\n\t\t\t\t\t<div class=\"elementor-column elementor-col-100 elementor-top-column elementor-element elementor-element-84cfb4a ot-flex-column-vertical\" data-id=\"84cfb4a\" data-element_type=\"column\" data-e-type=\"column\">\n\t\t\t<div class=\"elementor-widget-wrap elementor-element-populated\">\n\t\t\t\t\t\t<section class=\"elementor-section elementor-inner-section elementor-element elementor-element-900fdb9 elementor-section-boxed elementor-section-height-default elementor-section-height-default\" data-id=\"900fdb9\" data-element_type=\"section\" data-e-type=\"section\">\n\t\t\t\t\t\t<div class=\"elementor-container elementor-column-gap-default\">\n\t\t\t\t\t<div class=\"elementor-column elementor-col-50 elementor-inner-column elementor-element elementor-element-51695ee ot-flex-column-vertical\" data-id=\"51695ee\" data-element_type=\"column\" data-e-type=\"column\">\n\t\t\t<div class=\"elementor-widget-wrap elementor-element-populated\">\n\t\t\t\t\t\t<div class=\"elementor-element elementor-element-f92f003 elementor-widget elementor-widget-image\" data-id=\"f92f003\" data-element_type=\"widget\" data-e-type=\"widget\" data-widget_type=\"image.default\">\n\t\t\t\t<div class=\"elementor-widget-container\">\n\t\t\t\t\t\t\t\t\t\t\t\t\t\t\t<img decoding=\"async\" width=\"150\" height=\"150\" src=\"https:\/\/alerisnutrition.com\/wp-content\/uploads\/2021\/09\/Linha-Verde_logo-1-150x150.png\" class=\"attachment-thumbnail size-thumbnail wp-image-1972\" alt=\"\" srcset=\"https:\/\/alerisnutrition.com\/wp-content\/uploads\/2021\/09\/Linha-Verde_logo-1-150x150.png 150w, https:\/\/alerisnutrition.com\/wp-content\/uploads\/2021\/09\/Linha-Verde_logo-1-300x300.png 300w, https:\/\/alerisnutrition.com\/wp-content\/uploads\/2021\/09\/Linha-Verde_logo-1-768x768.png 768w, https:\/\/alerisnutrition.com\/wp-content\/uploads\/2021\/09\/Linha-Verde_logo-1-12x12.png 12w, https:\/\/alerisnutrition.com\/wp-content\/uploads\/2021\/09\/Linha-Verde_logo-1-600x600.png 600w, https:\/\/alerisnutrition.com\/wp-content\/uploads\/2021\/09\/elementor\/thumbs\/Linha-Verde_logo-1-qqtl03c7mm7im3faix57moy0m9sv3dy0216xozgmog.png 200w, https:\/\/alerisnutrition.com\/wp-content\/uploads\/2021\/09\/Linha-Verde_logo-1.png 1000w\" sizes=\"(max-width: 150px) 100vw, 150px\" \/>\t\t\t\t\t\t\t\t\t\t\t\t\t\t\t<\/div>\n\t\t\t\t<\/div>\n\t\t\t\t\t<\/div>\n\t\t<\/div>\n\t\t\t\t<div class=\"elementor-column elementor-col-50 elementor-inner-column elementor-element elementor-element-927590a ot-flex-column-vertical\" data-id=\"927590a\" data-element_type=\"column\" data-e-type=\"column\">\n\t\t\t<div class=\"elementor-widget-wrap elementor-element-populated\">\n\t\t\t\t\t\t<div class=\"elementor-element elementor-element-8b7629a elementor-widget elementor-widget-image\" data-id=\"8b7629a\" data-element_type=\"widget\" data-e-type=\"widget\" data-widget_type=\"image.default\">\n\t\t\t\t<div class=\"elementor-widget-container\">\n\t\t\t\t\t\t\t\t\t\t\t\t\t\t\t<img fetchpriority=\"high\" decoding=\"async\" width=\"768\" height=\"261\" src=\"https:\/\/alerisnutrition.com\/wp-content\/uploads\/2021\/09\/Sinergis-768x261.png\" class=\"attachment-medium_large size-medium_large wp-image-2190\" alt=\"\" srcset=\"https:\/\/alerisnutrition.com\/wp-content\/uploads\/2021\/09\/Sinergis-768x261.png 768w, https:\/\/alerisnutrition.com\/wp-content\/uploads\/2021\/09\/Sinergis-300x102.png 300w, https:\/\/alerisnutrition.com\/wp-content\/uploads\/2021\/09\/Sinergis-1024x349.png 1024w, https:\/\/alerisnutrition.com\/wp-content\/uploads\/2021\/09\/Sinergis-1536x523.png 1536w, https:\/\/alerisnutrition.com\/wp-content\/uploads\/2021\/09\/Sinergis-18x6.png 18w, https:\/\/alerisnutrition.com\/wp-content\/uploads\/2021\/09\/Sinergis.png 1956w\" sizes=\"(max-width: 768px) 100vw, 768px\" \/>\t\t\t\t\t\t\t\t\t\t\t\t\t\t\t<\/div>\n\t\t\t\t<\/div>\n\t\t\t\t\t<\/div>\n\t\t<\/div>\n\t\t\t\t\t<\/div>\n\t\t<\/section>\n\t\t\t\t<section class=\"elementor-section elementor-inner-section elementor-element elementor-element-de37b10 elementor-section-content-bottom elementor-section-full_width elementor-section-height-default elementor-section-height-default\" data-id=\"de37b10\" data-element_type=\"section\" data-e-type=\"section\">\n\t\t\t\t\t\t<div class=\"elementor-container elementor-column-gap-extended\">\n\t\t\t\t\t<div class=\"elementor-column elementor-col-50 elementor-inner-column elementor-element elementor-element-2519f8f ot-column-items-center ot-flex-column-vertical\" data-id=\"2519f8f\" data-element_type=\"column\" data-e-type=\"column\">\n\t\t\t<div class=\"elementor-widget-wrap elementor-element-populated\">\n\t\t\t\t\t\t<div class=\"elementor-element elementor-element-d39bcc6 elementor-widget elementor-widget-image\" data-id=\"d39bcc6\" data-element_type=\"widget\" data-e-type=\"widget\" data-widget_type=\"image.default\">\n\t\t\t\t<div class=\"elementor-widget-container\">\n\t\t\t\t\t\t\t\t\t\t\t\t\t\t\t<img decoding=\"async\" width=\"750\" height=\"649\" src=\"https:\/\/alerisnutrition.com\/wp-content\/uploads\/2021\/09\/BAG-MODELOS-sinergis.png\" class=\"attachment-large size-large wp-image-2065\" alt=\"ANIMAL NUTRITION PROTEIN LYZED YEAST ALERIS SINERGIS\" srcset=\"https:\/\/alerisnutrition.com\/wp-content\/uploads\/2021\/09\/BAG-MODELOS-sinergis.png 750w, https:\/\/alerisnutrition.com\/wp-content\/uploads\/2021\/09\/BAG-MODELOS-sinergis-300x260.png 300w, https:\/\/alerisnutrition.com\/wp-content\/uploads\/2021\/09\/BAG-MODELOS-sinergis-14x12.png 14w\" sizes=\"(max-width: 750px) 100vw, 750px\" \/>\t\t\t\t\t\t\t\t\t\t\t\t\t\t\t<\/div>\n\t\t\t\t<\/div>\n\t\t\t\t\t<\/div>\n\t\t<\/div>\n\t\t\t\t<div class=\"elementor-column elementor-col-50 elementor-inner-column elementor-element elementor-element-5aeaeb4 ot-column-items-center ot-flex-column-vertical\" data-id=\"5aeaeb4\" data-element_type=\"column\" data-e-type=\"column\">\n\t\t\t<div class=\"elementor-widget-wrap elementor-element-populated\">\n\t\t\t\t\t\t<div class=\"elementor-element elementor-element-d7b2af0 elementor-widget elementor-widget-text-editor\" data-id=\"d7b2af0\" data-element_type=\"widget\" data-e-type=\"widget\" data-widget_type=\"text-editor.default\">\n\t\t\t\t<div class=\"elementor-widget-container\">\n\t\t\t\t\t\t\t\t\t<p>Sinergis is a lysed yeast (100%\u00a0<em>Saccharomyces cerevisiae<\/em>) with high bioavailability of the cytoplasm and cell wall elements, being a source of high quality and palatable protein. Coming from production units that meet demanding quality control, Sinergis brings together several characteristics present in Aleris products, favoring the development of the animal in all phases of production. Sinergis is an excellent option for a high-quality protein source.<\/p>\t\t\t\t\t\t\t\t<\/div>\n\t\t\t\t<\/div>\n\t\t\t\t<div class=\"elementor-element elementor-element-b9c5388 elementor-widget elementor-widget-text-editor\" data-id=\"b9c5388\" data-element_type=\"widget\" data-e-type=\"widget\" data-widget_type=\"text-editor.default\">\n\t\t\t\t<div class=\"elementor-widget-container\">\n\t\t\t\t\t\t\t\t\t<ul><li>High digestibility protein<\/li><li>Presence of mannan oligosaccharides, \u03b2-glucans and nucleotides<\/li><li>Great amino acid profile<\/li><li>Rich in B complex vitamins<\/li><li>High palatability<\/li><li>Improves animal performance<\/li><\/ul>\t\t\t\t\t\t\t\t<\/div>\n\t\t\t\t<\/div>\n\t\t\t\t\t<\/div>\n\t\t<\/div>\n\t\t\t\t\t<\/div>\n\t\t<\/section>\n\t\t\t\t<section class=\"elementor-section elementor-inner-section elementor-element elementor-element-bc3a085 elementor-section-boxed elementor-section-height-default elementor-section-height-default\" data-id=\"bc3a085\" data-element_type=\"section\" data-e-type=\"section\">\n\t\t\t\t\t\t<div class=\"elementor-container elementor-column-gap-default\">\n\t\t\t\t\t<div class=\"elementor-column elementor-col-50 elementor-inner-column elementor-element elementor-element-01608a4 ot-flex-column-vertical\" data-id=\"01608a4\" data-element_type=\"column\" data-e-type=\"column\">\n\t\t\t<div class=\"elementor-widget-wrap\">\n\t\t\t\t\t\t\t<\/div>\n\t\t<\/div>\n\t\t\t\t<div class=\"elementor-column elementor-col-50 elementor-inner-column elementor-element elementor-element-937b585 ot-flex-column-vertical\" data-id=\"937b585\" data-element_type=\"column\" data-e-type=\"column\">\n\t\t\t<div class=\"elementor-widget-wrap elementor-element-populated\">\n\t\t\t\t\t\t<div class=\"elementor-element elementor-element-354663d elementor-widget elementor-widget-text-editor\" data-id=\"354663d\" data-element_type=\"widget\" data-e-type=\"widget\" data-widget_type=\"text-editor.default\">\n\t\t\t\t<div class=\"elementor-widget-container\">\n\t\t\t\t\t\t\t\t\t<p>Applications:<\/p>\t\t\t\t\t\t\t\t<\/div>\n\t\t\t\t<\/div>\n\t\t\t\t\t<\/div>\n\t\t<\/div>\n\t\t\t\t\t<\/div>\n\t\t<\/section>\n\t\t\t\t<section class=\"elementor-section elementor-inner-section elementor-element elementor-element-bf70ad4 elementor-section-boxed elementor-section-height-default elementor-section-height-default\" data-id=\"bf70ad4\" data-element_type=\"section\" data-e-type=\"section\">\n\t\t\t\t\t\t<div class=\"elementor-container elementor-column-gap-default\">\n\t\t\t\t\t<div class=\"elementor-column elementor-col-25 elementor-inner-column elementor-element elementor-element-16bd83b ot-flex-column-vertical\" data-id=\"16bd83b\" data-element_type=\"column\" data-e-type=\"column\">\n\t\t\t<div class=\"elementor-widget-wrap elementor-element-populated\">\n\t\t\t\t\t\t<div class=\"elementor-element elementor-element-c2830d4 elementor-widget elementor-widget-image\" data-id=\"c2830d4\" data-element_type=\"widget\" data-e-type=\"widget\" data-widget_type=\"image.default\">\n\t\t\t\t<div class=\"elementor-widget-container\">\n\t\t\t\t\t\t\t\t\t\t\t\t\t\t\t<img loading=\"lazy\" decoding=\"async\" width=\"150\" height=\"150\" src=\"https:\/\/alerisnutrition.com\/wp-content\/uploads\/2021\/09\/pultry-150x150.png\" class=\"attachment-thumbnail size-thumbnail wp-image-2195\" alt=\"\" srcset=\"https:\/\/alerisnutrition.com\/wp-content\/uploads\/2021\/09\/pultry-150x150.png 150w, https:\/\/alerisnutrition.com\/wp-content\/uploads\/2021\/09\/pultry-12x12.png 12w, https:\/\/alerisnutrition.com\/wp-content\/uploads\/2021\/09\/pultry.png 300w\" sizes=\"(max-width: 150px) 100vw, 150px\" \/>\t\t\t\t\t\t\t\t\t\t\t\t\t\t\t<\/div>\n\t\t\t\t<\/div>\n\t\t\t\t<div class=\"elementor-element elementor-element-4b6ae83 elementor-widget elementor-widget-text-editor\" data-id=\"4b6ae83\" data-element_type=\"widget\" data-e-type=\"widget\" data-widget_type=\"text-editor.default\">\n\t\t\t\t<div class=\"elementor-widget-container\">\n\t\t\t\t\t\t\t\t\t<p>Poultry<\/p>\t\t\t\t\t\t\t\t<\/div>\n\t\t\t\t<\/div>\n\t\t\t\t\t<\/div>\n\t\t<\/div>\n\t\t\t\t<div class=\"elementor-column elementor-col-25 elementor-inner-column elementor-element elementor-element-820163a ot-flex-column-vertical\" data-id=\"820163a\" data-element_type=\"column\" data-e-type=\"column\">\n\t\t\t<div class=\"elementor-widget-wrap elementor-element-populated\">\n\t\t\t\t\t\t<div class=\"elementor-element elementor-element-a50eaa8 elementor-widget elementor-widget-image\" data-id=\"a50eaa8\" data-element_type=\"widget\" data-e-type=\"widget\" data-widget_type=\"image.default\">\n\t\t\t\t<div class=\"elementor-widget-container\">\n\t\t\t\t\t\t\t\t\t\t\t\t\t\t\t<img loading=\"lazy\" decoding=\"async\" width=\"150\" height=\"150\" src=\"https:\/\/alerisnutrition.com\/wp-content\/uploads\/2021\/09\/pig-green-150x150.png\" class=\"attachment-thumbnail size-thumbnail wp-image-2196\" alt=\"\" srcset=\"https:\/\/alerisnutrition.com\/wp-content\/uploads\/2021\/09\/pig-green-150x150.png 150w, https:\/\/alerisnutrition.com\/wp-content\/uploads\/2021\/09\/pig-green-13x12.png 13w\" sizes=\"(max-width: 150px) 100vw, 150px\" \/>\t\t\t\t\t\t\t\t\t\t\t\t\t\t\t<\/div>\n\t\t\t\t<\/div>\n\t\t\t\t<div class=\"elementor-element elementor-element-385350c elementor-widget elementor-widget-text-editor\" data-id=\"385350c\" data-element_type=\"widget\" data-e-type=\"widget\" data-widget_type=\"text-editor.default\">\n\t\t\t\t<div class=\"elementor-widget-container\">\n\t\t\t\t\t\t\t\t\t<p>Swine<\/p>\t\t\t\t\t\t\t\t<\/div>\n\t\t\t\t<\/div>\n\t\t\t\t\t<\/div>\n\t\t<\/div>\n\t\t\t\t<div class=\"elementor-column elementor-col-25 elementor-inner-column elementor-element elementor-element-bba255a ot-flex-column-vertical\" data-id=\"bba255a\" data-element_type=\"column\" data-e-type=\"column\">\n\t\t\t<div class=\"elementor-widget-wrap elementor-element-populated\">\n\t\t\t\t\t\t<div class=\"elementor-element elementor-element-1d14d74 elementor-widget elementor-widget-image\" data-id=\"1d14d74\" data-element_type=\"widget\" data-e-type=\"widget\" data-widget_type=\"image.default\">\n\t\t\t\t<div class=\"elementor-widget-container\">\n\t\t\t\t\t\t\t\t\t\t\t\t\t\t\t<img loading=\"lazy\" decoding=\"async\" width=\"150\" height=\"150\" src=\"https:\/\/alerisnutrition.com\/wp-content\/uploads\/2021\/09\/caes-egatos-150x150.png\" class=\"attachment-thumbnail size-thumbnail wp-image-2198\" alt=\"\" srcset=\"https:\/\/alerisnutrition.com\/wp-content\/uploads\/2021\/09\/caes-egatos-150x150.png 150w, https:\/\/alerisnutrition.com\/wp-content\/uploads\/2021\/09\/caes-egatos-300x300.png 300w, https:\/\/alerisnutrition.com\/wp-content\/uploads\/2021\/09\/caes-egatos-12x12.png 12w, https:\/\/alerisnutrition.com\/wp-content\/uploads\/2021\/09\/caes-egatos.png 600w\" sizes=\"(max-width: 150px) 100vw, 150px\" \/>\t\t\t\t\t\t\t\t\t\t\t\t\t\t\t<\/div>\n\t\t\t\t<\/div>\n\t\t\t\t<div class=\"elementor-element elementor-element-a2607f1 elementor-widget elementor-widget-text-editor\" data-id=\"a2607f1\" data-element_type=\"widget\" data-e-type=\"widget\" data-widget_type=\"text-editor.default\">\n\t\t\t\t<div class=\"elementor-widget-container\">\n\t\t\t\t\t\t\t\t\t<p>Dogs and Cats<\/p>\t\t\t\t\t\t\t\t<\/div>\n\t\t\t\t<\/div>\n\t\t\t\t\t<\/div>\n\t\t<\/div>\n\t\t\t\t<div class=\"elementor-column elementor-col-25 elementor-inner-column elementor-element elementor-element-a42fdc1 ot-flex-column-vertical\" data-id=\"a42fdc1\" data-element_type=\"column\" data-e-type=\"column\">\n\t\t\t<div class=\"elementor-widget-wrap elementor-element-populated\">\n\t\t\t\t\t\t<div class=\"elementor-element elementor-element-aab3d26 elementor-widget elementor-widget-image\" data-id=\"aab3d26\" data-element_type=\"widget\" data-e-type=\"widget\" data-widget_type=\"image.default\">\n\t\t\t\t<div class=\"elementor-widget-container\">\n\t\t\t\t\t\t\t\t\t\t\t\t\t\t\t<img loading=\"lazy\" decoding=\"async\" width=\"150\" height=\"150\" src=\"https:\/\/alerisnutrition.com\/wp-content\/uploads\/2021\/09\/peixe-camarao-150x150.png\" class=\"attachment-thumbnail size-thumbnail wp-image-2199\" alt=\"\" srcset=\"https:\/\/alerisnutrition.com\/wp-content\/uploads\/2021\/09\/peixe-camarao-150x150.png 150w, https:\/\/alerisnutrition.com\/wp-content\/uploads\/2021\/09\/peixe-camarao-300x300.png 300w, https:\/\/alerisnutrition.com\/wp-content\/uploads\/2021\/09\/peixe-camarao-12x12.png 12w, https:\/\/alerisnutrition.com\/wp-content\/uploads\/2021\/09\/peixe-camarao.png 600w\" sizes=\"(max-width: 150px) 100vw, 150px\" \/>\t\t\t\t\t\t\t\t\t\t\t\t\t\t\t<\/div>\n\t\t\t\t<\/div>\n\t\t\t\t<div class=\"elementor-element elementor-element-6b65408 elementor-widget elementor-widget-text-editor\" data-id=\"6b65408\" data-element_type=\"widget\" data-e-type=\"widget\" data-widget_type=\"text-editor.default\">\n\t\t\t\t<div class=\"elementor-widget-container\">\n\t\t\t\t\t\t\t\t\t<p>Fish and Shrimp<\/p>\t\t\t\t\t\t\t\t<\/div>\n\t\t\t\t<\/div>\n\t\t\t\t\t<\/div>\n\t\t<\/div>\n\t\t\t\t\t<\/div>\n\t\t<\/section>\n\t\t\t\t<div class=\"elementor-element elementor-element-bc3f3e3 elementor-widget elementor-widget-text-editor\" data-id=\"bc3f3e3\" data-element_type=\"widget\" data-e-type=\"widget\" data-widget_type=\"text-editor.default\">\n\t\t\t\t<div class=\"elementor-widget-container\">\n\t\t\t\t\t\t\t\t\t<p><em>Information contained in English and Spanish does not necessarily comply with Brazilian legislation<\/em><\/p>\t\t\t\t\t\t\t\t<\/div>\n\t\t\t\t<\/div>\n\t\t\t\t\t<\/div>\n\t\t<\/div>\n\t\t\t\t\t<\/div>\n\t\t<\/section>\n\t\t\t\t<\/div>","protected":false},"excerpt":{"rendered":"<p>Sinergis \u00e9 uma levedura lisada (100%\u00a0Saccharomyces cerevisiae) com elevada\u00a0biodisponibilidade do citoplasma e dos elementos da parede celular, sendo fonte de prote\u00edna de alta qualidade e palatabilidade. Proveniente de unidades de produ\u00e7\u00e3o que atendem um exigente controle de qualidade, Sinergis re\u00fane diversas caracter\u00edsticas presentes nos produtos da Aleris, favorecendo o desenvolvimento do animal em todas as [&hellip;]<\/p>\n","protected":false},"author":2,"featured_media":0,"parent":0,"menu_order":0,"comment_status":"closed","ping_status":"closed","template":"","meta":{"_monsterinsights_skip_tracking":false,"_monsterinsights_sitenote_active":false,"_monsterinsights_sitenote_note":"","_monsterinsights_sitenote_category":0,"footnotes":""},"class_list":["post-2184","page","type-page","status-publish","hentry"],"aioseo_notices":[],"_links":{"self":[{"href":"https:\/\/alerisnutrition.com\/en\/wp-json\/wp\/v2\/pages\/2184","targetHints":{"allow":["GET"]}}],"collection":[{"href":"https:\/\/alerisnutrition.com\/en\/wp-json\/wp\/v2\/pages"}],"about":[{"href":"https:\/\/alerisnutrition.com\/en\/wp-json\/wp\/v2\/types\/page"}],"author":[{"embeddable":true,"href":"https:\/\/alerisnutrition.com\/en\/wp-json\/wp\/v2\/users\/2"}],"replies":[{"embeddable":true,"href":"https:\/\/alerisnutrition.com\/en\/wp-json\/wp\/v2\/comments?post=2184"}],"version-history":[{"count":50,"href":"https:\/\/alerisnutrition.com\/en\/wp-json\/wp\/v2\/pages\/2184\/revisions"}],"predecessor-version":[{"id":5204,"href":"https:\/\/alerisnutrition.com\/en\/wp-json\/wp\/v2\/pages\/2184\/revisions\/5204"}],"wp:attachment":[{"href":"https:\/\/alerisnutrition.com\/en\/wp-json\/wp\/v2\/media?parent=2184"}],"curies":[{"name":"wp","href":"https:\/\/api.w.org\/{rel}","templated":true}]}}