{"id":2869,"date":"2021-11-21T17:00:24","date_gmt":"2021-11-21T20:00:24","guid":{"rendered":"http:\/\/alerisnutrition.com\/publicar\/?page_id=2869"},"modified":"2024-07-09T09:02:37","modified_gmt":"2024-07-09T12:02:37","slug":"technical-articles","status":"publish","type":"page","link":"https:\/\/alerisnutrition.com\/en\/technical-articles\/","title":{"rendered":"Technical Articles"},"content":{"rendered":"<div data-elementor-type=\"wp-page\" data-elementor-id=\"2869\" class=\"elementor elementor-2869\" data-elementor-post-type=\"page\">\n\t\t\t\t\t\t<section class=\"elementor-section elementor-top-section elementor-element elementor-element-9d6def6 elementor-section-height-min-height elementor-section-boxed elementor-section-height-default elementor-section-items-middle\" data-id=\"9d6def6\" data-element_type=\"section\" data-e-type=\"section\" data-settings=\"{&quot;background_background&quot;:&quot;video&quot;,&quot;background_video_link&quot;:&quot;https:\\\/\\\/youtu.be\\\/84nBXLYSm4g&quot;}\">\n\t\t\t\t\t\t\t\t<div class=\"elementor-background-video-container elementor-hidden-mobile\">\n\t\t\t\t\t\t\t\t\t\t\t\t\t<div class=\"elementor-background-video-embed\" role=\"presentation\"><\/div>\n\t\t\t\t\t\t\t\t\t\t\t\t<\/div>\n\t\t\t\t\t\t\t\t\t<div class=\"elementor-background-overlay\"><\/div>\n\t\t\t\t\t\t\t<div class=\"elementor-container elementor-column-gap-default\">\n\t\t\t\t\t<div class=\"elementor-column elementor-col-100 elementor-top-column elementor-element elementor-element-53f8653 ot-flex-column-vertical\" data-id=\"53f8653\" data-element_type=\"column\" data-e-type=\"column\">\n\t\t\t<div class=\"elementor-widget-wrap elementor-element-populated\">\n\t\t\t\t\t\t<section class=\"elementor-section elementor-inner-section elementor-element elementor-element-5473dbd elementor-section-boxed elementor-section-height-default elementor-section-height-default\" data-id=\"5473dbd\" data-element_type=\"section\" data-e-type=\"section\">\n\t\t\t\t\t\t<div class=\"elementor-container elementor-column-gap-default\">\n\t\t\t\t\t<div class=\"elementor-column elementor-col-50 elementor-inner-column elementor-element elementor-element-ac1214b ot-column-items-center ot-flex-column-vertical\" data-id=\"ac1214b\" data-element_type=\"column\" data-e-type=\"column\" data-settings=\"{&quot;background_background&quot;:&quot;classic&quot;}\">\n\t\t\t<div class=\"elementor-widget-wrap elementor-element-populated\">\n\t\t\t\t\t\t<div class=\"elementor-element elementor-element-54ebe7a0 elementor-widget elementor-widget-text-editor\" data-id=\"54ebe7a0\" data-element_type=\"widget\" data-e-type=\"widget\" data-widget_type=\"text-editor.default\">\n\t\t\t\t<div class=\"elementor-widget-container\">\n\t\t\t\t\t\t\t\t\t<p>Demystifying the<\/p>\t\t\t\t\t\t\t\t<\/div>\n\t\t\t\t<\/div>\n\t\t\t\t<div class=\"elementor-element elementor-element-51084516 elementor-widget elementor-widget-heading\" data-id=\"51084516\" data-element_type=\"widget\" data-e-type=\"widget\" data-widget_type=\"heading.default\">\n\t\t\t\t<div class=\"elementor-widget-container\">\n\t\t\t\t\t<h3 class=\"elementor-heading-title elementor-size-default\">YEAST<\/h3>\t\t\t\t<\/div>\n\t\t\t\t<\/div>\n\t\t\t\t<div class=\"elementor-element elementor-element-7da2b6b3 elementor-widget elementor-widget-text-editor\" data-id=\"7da2b6b3\" data-element_type=\"widget\" data-e-type=\"widget\" data-widget_type=\"text-editor.default\">\n\t\t\t\t<div class=\"elementor-widget-container\">\n\t\t\t\t\t\t\t\t\t<p>Aleris presents the special series <strong>\u201cDemystifying Yeasts\u201d,<\/strong> material developed to explain the types, characteristics and benefits of yeast in animal nutrition.<\/p>\t\t\t\t\t\t\t\t<\/div>\n\t\t\t\t<\/div>\n\t\t\t\t\t<\/div>\n\t\t<\/div>\n\t\t\t\t<div class=\"elementor-column elementor-col-50 elementor-inner-column elementor-element elementor-element-85540a6 ot-flex-column-vertical\" data-id=\"85540a6\" data-element_type=\"column\" data-e-type=\"column\" data-settings=\"{&quot;background_background&quot;:&quot;classic&quot;}\">\n\t\t\t<div class=\"elementor-widget-wrap elementor-element-populated\">\n\t\t\t\t\t\t<div class=\"elementor-element elementor-element-722747e2 elementor-widget elementor-widget-image\" data-id=\"722747e2\" data-element_type=\"widget\" data-e-type=\"widget\" data-widget_type=\"image.default\">\n\t\t\t\t<div class=\"elementor-widget-container\">\n\t\t\t\t\t\t\t\t\t\t\t\t\t\t\t<img fetchpriority=\"high\" decoding=\"async\" width=\"600\" height=\"700\" src=\"https:\/\/alerisnutrition.com\/wp-content\/uploads\/2024\/01\/Desmistificando_as_Leveduras_Parte_I_Aleris-.png\" class=\"elementor-animation-grow attachment-large size-large wp-image-8199\" alt=\"demystifying yeasts in animal nutrition aleris\" srcset=\"https:\/\/alerisnutrition.com\/wp-content\/uploads\/2024\/01\/Desmistificando_as_Leveduras_Parte_I_Aleris-.png 600w, https:\/\/alerisnutrition.com\/wp-content\/uploads\/2024\/01\/Desmistificando_as_Leveduras_Parte_I_Aleris--257x300.png 257w, https:\/\/alerisnutrition.com\/wp-content\/uploads\/2024\/01\/Desmistificando_as_Leveduras_Parte_I_Aleris--10x12.png 10w\" sizes=\"(max-width: 600px) 100vw, 600px\" \/>\t\t\t\t\t\t\t\t\t\t\t\t\t\t\t<\/div>\n\t\t\t\t<\/div>\n\t\t\t\t\t<\/div>\n\t\t<\/div>\n\t\t\t\t\t<\/div>\n\t\t<\/section>\n\t\t\t\t<section class=\"elementor-section elementor-inner-section elementor-element elementor-element-92b2b38 elementor-section-boxed elementor-section-height-default elementor-section-height-default\" data-id=\"92b2b38\" data-element_type=\"section\" data-e-type=\"section\">\n\t\t\t\t\t\t<div class=\"elementor-container elementor-column-gap-default\">\n\t\t\t\t\t<div class=\"elementor-column elementor-col-50 elementor-inner-column elementor-element elementor-element-68c7659 ot-flex-column-vertical\" data-id=\"68c7659\" data-element_type=\"column\" data-e-type=\"column\" data-settings=\"{&quot;background_background&quot;:&quot;classic&quot;}\">\n\t\t\t<div class=\"elementor-widget-wrap elementor-element-populated\">\n\t\t\t\t\t\t<div class=\"elementor-element elementor-element-7f752bde elementor-widget elementor-widget-image\" data-id=\"7f752bde\" data-element_type=\"widget\" data-e-type=\"widget\" data-widget_type=\"image.default\">\n\t\t\t\t<div class=\"elementor-widget-container\">\n\t\t\t\t\t\t\t\t\t\t\t\t\t\t\t<img decoding=\"async\" width=\"600\" height=\"700\" src=\"https:\/\/alerisnutrition.com\/wp-content\/uploads\/2024\/01\/Desmistificando_as_Leveduras_Parte_II_Aleris-.png\" class=\"elementor-animation-grow attachment-large size-large wp-image-8200\" alt=\"demystifying yeasts in animal nutrition aleris\" srcset=\"https:\/\/alerisnutrition.com\/wp-content\/uploads\/2024\/01\/Desmistificando_as_Leveduras_Parte_II_Aleris-.png 600w, https:\/\/alerisnutrition.com\/wp-content\/uploads\/2024\/01\/Desmistificando_as_Leveduras_Parte_II_Aleris--257x300.png 257w, https:\/\/alerisnutrition.com\/wp-content\/uploads\/2024\/01\/Desmistificando_as_Leveduras_Parte_II_Aleris--10x12.png 10w\" sizes=\"(max-width: 600px) 100vw, 600px\" \/>\t\t\t\t\t\t\t\t\t\t\t\t\t\t\t<\/div>\n\t\t\t\t<\/div>\n\t\t\t\t\t<\/div>\n\t\t<\/div>\n\t\t\t\t<div class=\"elementor-column elementor-col-50 elementor-inner-column elementor-element elementor-element-c7bdae5 ot-flex-column-vertical\" data-id=\"c7bdae5\" data-element_type=\"column\" data-e-type=\"column\" data-settings=\"{&quot;background_background&quot;:&quot;classic&quot;}\">\n\t\t\t<div class=\"elementor-widget-wrap elementor-element-populated\">\n\t\t\t\t\t\t<div class=\"elementor-element elementor-element-d11cead elementor-widget elementor-widget-image\" data-id=\"d11cead\" data-element_type=\"widget\" data-e-type=\"widget\" data-widget_type=\"image.default\">\n\t\t\t\t<div class=\"elementor-widget-container\">\n\t\t\t\t\t\t\t\t\t\t\t\t\t\t\t<img decoding=\"async\" width=\"600\" height=\"700\" src=\"https:\/\/alerisnutrition.com\/wp-content\/uploads\/2024\/01\/Desmistificando_as_Leveduras_Parte_III_Aleris-.png\" class=\"elementor-animation-grow attachment-large size-large wp-image-8201\" alt=\"demystifying yeasts in animal nutrition aleris\" srcset=\"https:\/\/alerisnutrition.com\/wp-content\/uploads\/2024\/01\/Desmistificando_as_Leveduras_Parte_III_Aleris-.png 600w, https:\/\/alerisnutrition.com\/wp-content\/uploads\/2024\/01\/Desmistificando_as_Leveduras_Parte_III_Aleris--257x300.png 257w, https:\/\/alerisnutrition.com\/wp-content\/uploads\/2024\/01\/Desmistificando_as_Leveduras_Parte_III_Aleris--10x12.png 10w\" sizes=\"(max-width: 600px) 100vw, 600px\" \/>\t\t\t\t\t\t\t\t\t\t\t\t\t\t\t<\/div>\n\t\t\t\t<\/div>\n\t\t\t\t\t<\/div>\n\t\t<\/div>\n\t\t\t\t\t<\/div>\n\t\t<\/section>\n\t\t\t\t\t<\/div>\n\t\t<\/div>\n\t\t\t\t\t<\/div>\n\t\t<\/section>\n\t\t\t\t<section class=\"elementor-section elementor-top-section elementor-element elementor-element-e0868ab elementor-section-boxed elementor-section-height-default elementor-section-height-default\" data-id=\"e0868ab\" data-element_type=\"section\" data-e-type=\"section\">\n\t\t\t\t\t\t<div class=\"elementor-container elementor-column-gap-default\">\n\t\t\t\t\t<div class=\"elementor-column elementor-col-100 elementor-top-column elementor-element elementor-element-edb1689 ot-flex-column-vertical\" data-id=\"edb1689\" data-element_type=\"column\" data-e-type=\"column\">\n\t\t\t<div class=\"elementor-widget-wrap\">\n\t\t\t\t\t\t\t<\/div>\n\t\t<\/div>\n\t\t\t\t\t<\/div>\n\t\t<\/section>\n\t\t\t\t<\/div>","protected":false},"excerpt":{"rendered":"<p>Desmistificando as LEVEDURAS A Aleris apresenta a s\u00e9rie especial &#8220;Desmistificando as Leveduras&#8221;, material desenvolvido para explicar os tipos, caracter\u00edsticas e benef\u00edcios das leveduras na nutri\u00e7\u00e3o animal.<\/p>","protected":false},"author":1,"featured_media":0,"parent":0,"menu_order":0,"comment_status":"closed","ping_status":"closed","template":"","meta":{"_monsterinsights_skip_tracking":false,"_monsterinsights_sitenote_active":false,"_monsterinsights_sitenote_note":"","_monsterinsights_sitenote_category":0,"footnotes":""},"class_list":["post-2869","page","type-page","status-publish","hentry"],"aioseo_notices":[],"_links":{"self":[{"href":"https:\/\/alerisnutrition.com\/en\/wp-json\/wp\/v2\/pages\/2869","targetHints":{"allow":["GET"]}}],"collection":[{"href":"https:\/\/alerisnutrition.com\/en\/wp-json\/wp\/v2\/pages"}],"about":[{"href":"https:\/\/alerisnutrition.com\/en\/wp-json\/wp\/v2\/types\/page"}],"author":[{"embeddable":true,"href":"https:\/\/alerisnutrition.com\/en\/wp-json\/wp\/v2\/users\/1"}],"replies":[{"embeddable":true,"href":"https:\/\/alerisnutrition.com\/en\/wp-json\/wp\/v2\/comments?post=2869"}],"version-history":[{"count":11,"href":"https:\/\/alerisnutrition.com\/en\/wp-json\/wp\/v2\/pages\/2869\/revisions"}],"predecessor-version":[{"id":20592,"href":"https:\/\/alerisnutrition.com\/en\/wp-json\/wp\/v2\/pages\/2869\/revisions\/20592"}],"wp:attachment":[{"href":"https:\/\/alerisnutrition.com\/en\/wp-json\/wp\/v2\/media?parent=2869"}],"curies":[{"name":"wp","href":"https:\/\/api.w.org\/{rel}","templated":true}]}}