{"id":9720,"date":"2024-03-08T15:46:22","date_gmt":"2024-03-08T18:46:22","guid":{"rendered":"http:\/\/alerisnutrition.com\/?page_id=9720"},"modified":"2024-03-08T17:45:14","modified_gmt":"2024-03-08T20:45:14","slug":"aleris-poultry-podcast","status":"publish","type":"page","link":"https:\/\/alerisnutrition.com\/en\/aleris-poultry-podcast\/","title":{"rendered":"Aleris Aves Podcast"},"content":{"rendered":"<div data-elementor-type=\"wp-page\" data-elementor-id=\"9720\" class=\"elementor elementor-9720\" data-elementor-post-type=\"page\">\n\t\t\t\t\t\t<section class=\"elementor-section elementor-top-section elementor-element elementor-element-4d28baf6 elementor-section-height-min-height elementor-section-items-stretch elementor-section-boxed elementor-section-height-default\" data-id=\"4d28baf6\" data-element_type=\"section\" data-e-type=\"section\" id=\"uppage\" data-settings=\"{&quot;background_background&quot;:&quot;classic&quot;}\">\n\t\t\t\t\t\t\t<div class=\"elementor-background-overlay\"><\/div>\n\t\t\t\t\t\t\t<div class=\"elementor-container elementor-column-gap-default\">\n\t\t\t\t\t<div class=\"elementor-column elementor-col-100 elementor-top-column elementor-element elementor-element-c55ce1d ot-column-items-center ot-flex-column-vertical\" data-id=\"c55ce1d\" data-element_type=\"column\" data-e-type=\"column\">\n\t\t\t<div class=\"elementor-widget-wrap elementor-element-populated\">\n\t\t\t\t\t\t<section class=\"elementor-section elementor-inner-section elementor-element elementor-element-aa6f76e elementor-section-full_width elementor-section-height-default elementor-section-height-default\" data-id=\"aa6f76e\" data-element_type=\"section\" data-e-type=\"section\">\n\t\t\t\t\t\t<div class=\"elementor-container elementor-column-gap-default\">\n\t\t\t\t\t<div class=\"elementor-column elementor-col-50 elementor-inner-column elementor-element elementor-element-ca446ef ot-flex-column-vertical\" data-id=\"ca446ef\" data-element_type=\"column\" data-e-type=\"column\">\n\t\t\t<div class=\"elementor-widget-wrap elementor-element-populated\">\n\t\t\t\t\t\t<div class=\"elementor-element elementor-element-52e360c elementor-widget elementor-widget-image\" data-id=\"52e360c\" data-element_type=\"widget\" data-e-type=\"widget\" data-widget_type=\"image.default\">\n\t\t\t\t<div class=\"elementor-widget-container\">\n\t\t\t\t\t\t\t\t\t\t\t\t\t\t\t<img fetchpriority=\"high\" decoding=\"async\" width=\"300\" height=\"300\" src=\"https:\/\/alerisnutrition.com\/wp-content\/uploads\/2024\/01\/poultry-podcast-aleris-nutricao-aves-avicultura-300x300.jpg\" class=\"attachment-medium size-medium wp-image-8899\" alt=\"poultry-podcast-aleris-nutricao-aves-avicultura\" srcset=\"https:\/\/alerisnutrition.com\/wp-content\/uploads\/2024\/01\/poultry-podcast-aleris-nutricao-aves-avicultura-300x300.jpg 300w, https:\/\/alerisnutrition.com\/wp-content\/uploads\/2024\/01\/poultry-podcast-aleris-nutricao-aves-avicultura-150x150.jpg 150w, https:\/\/alerisnutrition.com\/wp-content\/uploads\/2024\/01\/poultry-podcast-aleris-nutricao-aves-avicultura-12x12.jpg 12w, https:\/\/alerisnutrition.com\/wp-content\/uploads\/2024\/01\/poultry-podcast-aleris-nutricao-aves-avicultura.jpg 555w\" sizes=\"(max-width: 300px) 100vw, 300px\" \/>\t\t\t\t\t\t\t\t\t\t\t\t\t\t\t<\/div>\n\t\t\t\t<\/div>\n\t\t\t\t\t<\/div>\n\t\t<\/div>\n\t\t\t\t<div class=\"elementor-column elementor-col-50 elementor-inner-column elementor-element elementor-element-4489a71 ot-column-items-center ot-flex-column-vertical\" data-id=\"4489a71\" data-element_type=\"column\" data-e-type=\"column\">\n\t\t\t<div class=\"elementor-widget-wrap elementor-element-populated\">\n\t\t\t\t\t\t<div class=\"elementor-element elementor-element-1e549aa elementor-widget elementor-widget-heading\" data-id=\"1e549aa\" data-element_type=\"widget\" data-e-type=\"widget\" data-widget_type=\"heading.default\">\n\t\t\t\t<div class=\"elementor-widget-container\">\n\t\t\t\t\t<h2 class=\"elementor-heading-title elementor-size-default\">Poultry<\/h2>\t\t\t\t<\/div>\n\t\t\t\t<\/div>\n\t\t\t\t<div class=\"elementor-element elementor-element-a2efc09 elementor-widget elementor-widget-heading\" data-id=\"a2efc09\" data-element_type=\"widget\" data-e-type=\"widget\" data-widget_type=\"heading.default\">\n\t\t\t\t<div class=\"elementor-widget-container\">\n\t\t\t\t\t<h2 class=\"elementor-heading-title elementor-size-default\">Interviews with industry experts<\/h2>\t\t\t\t<\/div>\n\t\t\t\t<\/div>\n\t\t\t\t\t<\/div>\n\t\t<\/div>\n\t\t\t\t\t<\/div>\n\t\t<\/section>\n\t\t\t\t<section class=\"elementor-section elementor-inner-section elementor-element elementor-element-6f35204 elementor-section-full_width elementor-section-height-default elementor-section-height-default\" data-id=\"6f35204\" data-element_type=\"section\" data-e-type=\"section\">\n\t\t\t\t\t\t<div class=\"elementor-container elementor-column-gap-default\">\n\t\t\t\t\t<div class=\"elementor-column elementor-col-50 elementor-inner-column elementor-element elementor-element-4b399c2 ot-flex-column-vertical\" data-id=\"4b399c2\" data-element_type=\"column\" data-e-type=\"column\">\n\t\t\t<div class=\"elementor-widget-wrap elementor-element-populated\">\n\t\t\t\t\t\t<div class=\"elementor-element elementor-element-e32e5b3 elementor-widget elementor-widget-text-editor\" data-id=\"e32e5b3\" data-element_type=\"widget\" data-e-type=\"widget\" data-widget_type=\"text-editor.default\">\n\t\t\t\t<div class=\"elementor-widget-container\">\n\t\t\t\t\t\t\t\t\t<p><strong>Egg market and nutritional alternatives <span style=\"color: #ff9900;\">to increase productivity and health on farms<\/span><\/strong><\/p>\t\t\t\t\t\t\t\t<\/div>\n\t\t\t\t<\/div>\n\t\t\t\t<div class=\"elementor-element elementor-element-b0d41ec elementor-widget elementor-widget-text-editor\" data-id=\"b0d41ec\" data-element_type=\"widget\" data-e-type=\"widget\" data-widget_type=\"text-editor.default\">\n\t\t\t\t<div class=\"elementor-widget-container\">\n\t\t\t\t\t\t\t\t\t<p>ep. 1: November\/2023<\/p>\t\t\t\t\t\t\t\t<\/div>\n\t\t\t\t<\/div>\n\t\t\t\t<div class=\"elementor-element elementor-element-4a40f50 elementor-widget elementor-widget-video\" data-id=\"4a40f50\" data-element_type=\"widget\" data-e-type=\"widget\" data-settings=\"{&quot;youtube_url&quot;:&quot;https:\\\/\\\/youtu.be\\\/Ph-1evF1kQw?list=PLNoHFgxiqIi8kZx8E2rtJuQIlHy2p7B8I&quot;,&quot;video_type&quot;:&quot;youtube&quot;,&quot;controls&quot;:&quot;yes&quot;}\" data-widget_type=\"video.default\">\n\t\t\t\t<div class=\"elementor-widget-container\">\n\t\t\t\t\t\t\t<div class=\"elementor-wrapper elementor-open-inline\">\n\t\t\t<div class=\"elementor-video\"><\/div>\t\t<\/div>\n\t\t\t\t\t\t<\/div>\n\t\t\t\t<\/div>\n\t\t\t\t<div class=\"elementor-element elementor-element-7ea1a8a elementor-align-center elementor-mobile-align-center elementor-widget elementor-widget-button\" data-id=\"7ea1a8a\" data-element_type=\"widget\" data-e-type=\"widget\" data-widget_type=\"button.default\">\n\t\t\t\t<div class=\"elementor-widget-container\">\n\t\t\t\t\t\t\t\t\t<div class=\"elementor-button-wrapper\">\n\t\t\t\t\t<a class=\"elementor-button elementor-button-link elementor-size-sm\" href=\"https:\/\/open.spotify.com\/embed\/episode\/6dGG19RYdNRRwH7TKF4q8Q\/video?utm_source=generator\" target=\"_blank\">\n\t\t\t\t\t\t<span class=\"elementor-button-content-wrapper\">\n\t\t\t\t\t\t<span class=\"elementor-button-icon\">\n\t\t\t\t<i aria-hidden=\"true\" class=\"fab fa-spotify\"><\/i>\t\t\t<\/span>\n\t\t\t\t\t\t\t\t\t<span class=\"elementor-button-text\">WATCH THE EPISODE ON SPOTIFY<\/span>\n\t\t\t\t\t<\/span>\n\t\t\t\t\t<\/a>\n\t\t\t\t<\/div>\n\t\t\t\t\t\t\t\t<\/div>\n\t\t\t\t<\/div>\n\t\t\t\t<div class=\"elementor-element elementor-element-64a8a7b elementor-widget elementor-widget-text-editor\" data-id=\"64a8a7b\" data-element_type=\"widget\" data-e-type=\"widget\" data-widget_type=\"text-editor.default\">\n\t\t\t\t<div class=\"elementor-widget-container\">\n\t\t\t\t\t\t\t\t\t<p>Interview with <strong><span style=\"color: #ff9900;\">Diogo Ito<\/span><\/strong>, <strong>Master in Animal Science<\/strong> from the University of S\u00e3o Paulo, <strong>layer specialist<\/strong>.<\/p>\t\t\t\t\t\t\t\t<\/div>\n\t\t\t\t<\/div>\n\t\t\t\t\t<\/div>\n\t\t<\/div>\n\t\t\t\t<div class=\"elementor-column elementor-col-50 elementor-inner-column elementor-element elementor-element-e251090 ot-flex-column-vertical\" data-id=\"e251090\" data-element_type=\"column\" data-e-type=\"column\">\n\t\t\t<div class=\"elementor-widget-wrap elementor-element-populated\">\n\t\t\t\t\t\t<div class=\"elementor-element elementor-element-3c0ab84 elementor-widget elementor-widget-text-editor\" data-id=\"3c0ab84\" data-element_type=\"widget\" data-e-type=\"widget\" data-widget_type=\"text-editor.default\">\n\t\t\t\t<div class=\"elementor-widget-container\">\n\t\t\t\t\t\t\t\t\t<p><strong><span style=\"color: #ff9900;\">Ambience and intestinal integrity<\/span><\/strong> <strong>in poultry farming<\/strong><\/p>\t\t\t\t\t\t\t\t<\/div>\n\t\t\t\t<\/div>\n\t\t\t\t<div class=\"elementor-element elementor-element-8ae3a63 elementor-widget elementor-widget-text-editor\" data-id=\"8ae3a63\" data-element_type=\"widget\" data-e-type=\"widget\" data-widget_type=\"text-editor.default\">\n\t\t\t\t<div class=\"elementor-widget-container\">\n\t\t\t\t\t\t\t\t\t<p>ep. 2: November\/2023<\/p>\t\t\t\t\t\t\t\t<\/div>\n\t\t\t\t<\/div>\n\t\t\t\t<div class=\"elementor-element elementor-element-f8de285 elementor-widget elementor-widget-video\" data-id=\"f8de285\" data-element_type=\"widget\" data-e-type=\"widget\" data-settings=\"{&quot;youtube_url&quot;:&quot;https:\\\/\\\/youtu.be\\\/UNfmdPP4zq4?list=PLNoHFgxiqIi8kZx8E2rtJuQIlHy2p7B8I&quot;,&quot;video_type&quot;:&quot;youtube&quot;,&quot;controls&quot;:&quot;yes&quot;}\" data-widget_type=\"video.default\">\n\t\t\t\t<div class=\"elementor-widget-container\">\n\t\t\t\t\t\t\t<div class=\"elementor-wrapper elementor-open-inline\">\n\t\t\t<div class=\"elementor-video\"><\/div>\t\t<\/div>\n\t\t\t\t\t\t<\/div>\n\t\t\t\t<\/div>\n\t\t\t\t<div class=\"elementor-element elementor-element-b849a8f elementor-align-center elementor-mobile-align-right elementor-widget elementor-widget-button\" data-id=\"b849a8f\" data-element_type=\"widget\" data-e-type=\"widget\" data-widget_type=\"button.default\">\n\t\t\t\t<div class=\"elementor-widget-container\">\n\t\t\t\t\t\t\t\t\t<div class=\"elementor-button-wrapper\">\n\t\t\t\t\t<a class=\"elementor-button elementor-button-link elementor-size-sm\" href=\"https:\/\/open.spotify.com\/embed\/episode\/2FoXKYAlYqlaXHgYHpjRnt\/video?utm_source=generator\" target=\"_blank\">\n\t\t\t\t\t\t<span class=\"elementor-button-content-wrapper\">\n\t\t\t\t\t\t<span class=\"elementor-button-icon\">\n\t\t\t\t<i aria-hidden=\"true\" class=\"fab fa-spotify\"><\/i>\t\t\t<\/span>\n\t\t\t\t\t\t\t\t\t<span class=\"elementor-button-text\">WATCH THE EPISODE ON SPOTIFY<\/span>\n\t\t\t\t\t<\/span>\n\t\t\t\t\t<\/a>\n\t\t\t\t<\/div>\n\t\t\t\t\t\t\t\t<\/div>\n\t\t\t\t<\/div>\n\t\t\t\t<div class=\"elementor-element elementor-element-6c26723 elementor-widget elementor-widget-text-editor\" data-id=\"6c26723\" data-element_type=\"widget\" data-e-type=\"widget\" data-widget_type=\"text-editor.default\">\n\t\t\t\t<div class=\"elementor-widget-container\">\n\t\t\t\t\t\t\t\t\t<p>Interview with <strong><span style=\"color: #ff9900;\">Tuffi Bichara<\/span><\/strong>, <strong>zootechnist <\/strong>by UNESP-Botucatu<strong> and poultry farming specialist.<\/strong><\/p>\t\t\t\t\t\t\t\t<\/div>\n\t\t\t\t<\/div>\n\t\t\t\t\t<\/div>\n\t\t<\/div>\n\t\t\t\t\t<\/div>\n\t\t<\/section>\n\t\t\t\t\t<\/div>\n\t\t<\/div>\n\t\t\t\t\t<\/div>\n\t\t<\/section>\n\t\t\t\t<\/div>","protected":false},"excerpt":{"rendered":"<p>Avicultura Entrevistas com especialistas do setor Mercado de ovos e as alternativas nutricionais para aumento de produtividade e sa\u00fade nas granjas ep. 1: novembro\/2023 https:\/\/youtu.be\/Ph-1evF1kQw?list=PLNoHFgxiqIi8kZx8E2rtJuQIlHy2p7B8I ASSISTIR O EPIS\u00d3DIO NO SPOTIFY Entrevista com Diogo Ito, mestre em Zootecnia pela Universidade de S\u00e3o Paulo, especialista em poedeiras. Ambi\u00eancia e integridade intestinal na cria\u00e7\u00e3o de aves ep. 2: [&hellip;]<\/p>\n","protected":false},"author":2,"featured_media":0,"parent":0,"menu_order":0,"comment_status":"closed","ping_status":"closed","template":"","meta":{"_monsterinsights_skip_tracking":false,"_monsterinsights_sitenote_active":false,"_monsterinsights_sitenote_note":"","_monsterinsights_sitenote_category":0,"footnotes":""},"class_list":["post-9720","page","type-page","status-publish","hentry"],"aioseo_notices":[],"_links":{"self":[{"href":"https:\/\/alerisnutrition.com\/en\/wp-json\/wp\/v2\/pages\/9720","targetHints":{"allow":["GET"]}}],"collection":[{"href":"https:\/\/alerisnutrition.com\/en\/wp-json\/wp\/v2\/pages"}],"about":[{"href":"https:\/\/alerisnutrition.com\/en\/wp-json\/wp\/v2\/types\/page"}],"author":[{"embeddable":true,"href":"https:\/\/alerisnutrition.com\/en\/wp-json\/wp\/v2\/users\/2"}],"replies":[{"embeddable":true,"href":"https:\/\/alerisnutrition.com\/en\/wp-json\/wp\/v2\/comments?post=9720"}],"version-history":[{"count":34,"href":"https:\/\/alerisnutrition.com\/en\/wp-json\/wp\/v2\/pages\/9720\/revisions"}],"predecessor-version":[{"id":9881,"href":"https:\/\/alerisnutrition.com\/en\/wp-json\/wp\/v2\/pages\/9720\/revisions\/9881"}],"wp:attachment":[{"href":"https:\/\/alerisnutrition.com\/en\/wp-json\/wp\/v2\/media?parent=9720"}],"curies":[{"name":"wp","href":"https:\/\/api.w.org\/{rel}","templated":true}]}}