{"id":711,"date":"2020-09-10T02:50:23","date_gmt":"2020-09-10T02:50:23","guid":{"rendered":"http:\/\/wpdemo.archiwp.com\/maxbizz\/?page_id=711"},"modified":"2020-09-10T02:50:23","modified_gmt":"2020-09-10T02:50:23","slug":"solo-equipo","status":"publish","type":"page","link":"https:\/\/alerisnutrition.com\/es\/nuestro-equipo\/solo-equipo\/","title":{"rendered":"Equipo \u00fanico"},"content":{"rendered":"<div data-elementor-type=\"wp-page\" data-elementor-id=\"711\" class=\"elementor elementor-711\" data-elementor-post-type=\"page\">\n\t\t\t\t\t\t<section class=\"elementor-section elementor-top-section elementor-element elementor-element-b501399 elementor-section-boxed elementor-section-height-default elementor-section-height-default\" data-id=\"b501399\" data-element_type=\"section\" data-e-type=\"section\">\n\t\t\t\t\t\t<div class=\"elementor-container elementor-column-gap-extended\">\n\t\t\t\t\t<div class=\"elementor-column elementor-col-100 elementor-top-column elementor-element elementor-element-6365e43 ot-flex-column-vertical\" data-id=\"6365e43\" data-element_type=\"column\" data-e-type=\"column\">\n\t\t\t<div class=\"elementor-widget-wrap elementor-element-populated\">\n\t\t\t\t\t\t<section class=\"elementor-section elementor-inner-section elementor-element elementor-element-4b4c82c elementor-section-full_width elementor-section-content-middle elementor-section-height-default elementor-section-height-default\" data-id=\"4b4c82c\" data-element_type=\"section\" data-e-type=\"section\">\n\t\t\t\t\t\t<div class=\"elementor-container elementor-column-gap-extended\">\n\t\t\t\t\t<div class=\"elementor-column elementor-col-50 elementor-inner-column elementor-element elementor-element-fcac4d4 ot-flex-column-vertical\" data-id=\"fcac4d4\" data-element_type=\"column\" data-e-type=\"column\">\n\t\t\t<div class=\"elementor-widget-wrap elementor-element-populated\">\n\t\t\t\t\t\t<div class=\"elementor-element elementor-element-98f528e elementor-widget elementor-widget-image\" data-id=\"98f528e\" data-element_type=\"widget\" data-e-type=\"widget\" data-widget_type=\"image.default\">\n\t\t\t\t<div class=\"elementor-widget-container\">\n\t\t\t\t\t\t\t\t\t\t\t\t\t\t\t<img fetchpriority=\"high\" decoding=\"async\" width=\"530\" height=\"500\" src=\"https:\/\/alerisnutrition.com\/wp-content\/uploads\/2020\/09\/image1-single-team.jpg\" class=\"attachment-full size-full wp-image-713\" alt=\"\" srcset=\"https:\/\/alerisnutrition.com\/wp-content\/uploads\/2020\/09\/image1-single-team.jpg 530w, https:\/\/alerisnutrition.com\/wp-content\/uploads\/2020\/09\/image1-single-team-300x283.jpg 300w\" sizes=\"(max-width: 530px) 100vw, 530px\" \/>\t\t\t\t\t\t\t\t\t\t\t\t\t\t\t<\/div>\n\t\t\t\t<\/div>\n\t\t\t\t\t<\/div>\n\t\t<\/div>\n\t\t\t\t<div class=\"elementor-column elementor-col-50 elementor-inner-column elementor-element elementor-element-1070f44 ot-flex-column-vertical\" data-id=\"1070f44\" data-element_type=\"column\" data-e-type=\"column\">\n\t\t\t<div class=\"elementor-widget-wrap elementor-element-populated\">\n\t\t\t\t\t\t<div class=\"elementor-element elementor-element-bfb6219 elementor-widget elementor-widget-heading\" data-id=\"bfb6219\" data-element_type=\"widget\" data-e-type=\"widget\" data-widget_type=\"heading.default\">\n\t\t\t\t<div class=\"elementor-widget-container\">\n\t\t\t\t\t<h3 class=\"elementor-heading-title elementor-size-default\">Pedro perece<\/h3>\t\t\t\t<\/div>\n\t\t\t\t<\/div>\n\t\t\t\t<div class=\"elementor-element elementor-element-77b067d elementor-widget elementor-widget-heading\" data-id=\"77b067d\" data-element_type=\"widget\" data-e-type=\"widget\" data-widget_type=\"heading.default\">\n\t\t\t\t<div class=\"elementor-widget-container\">\n\t\t\t\t\t<h6 class=\"elementor-heading-title elementor-size-default\">proyecto empresarial principal<\/h6>\t\t\t\t<\/div>\n\t\t\t\t<\/div>\n\t\t\t\t<div class=\"elementor-element elementor-element-e4d0805 elementor-widget elementor-widget-text-editor\" data-id=\"e4d0805\" data-element_type=\"widget\" data-e-type=\"widget\" data-widget_type=\"text-editor.default\">\n\t\t\t\t<div class=\"elementor-widget-container\">\n\t\t\t\t\t\t\t\t\t<ul class=\"member-info\"><li><span class=\"text-dark\">Departamento:<\/span> Departamento de Negocios<\/li><li><span class=\"text-dark\">Experiencia:<\/span> 15 a\u00f1os<\/li><li><span class=\"text-dark\">Correo electr\u00f3nico: <\/span>perish.maxbizz@mail.com<\/li><li><span class=\"text-dark\">Tel\u00e9fono: <\/span>+1-800-456-478-23<\/li><li><span class=\"text-dark\">Fax: <\/span>+1-800-456-478-24<\/li><\/ul>\t\t\t\t\t\t\t\t<\/div>\n\t\t\t\t<\/div>\n\t\t\t\t<div class=\"elementor-element elementor-element-1453173 elementor-grid-4 e-grid-align-left elementor-shape-rounded elementor-widget elementor-widget-social-icons\" data-id=\"1453173\" data-element_type=\"widget\" data-e-type=\"widget\" data-widget_type=\"social-icons.default\">\n\t\t\t\t<div class=\"elementor-widget-container\">\n\t\t\t\t\t\t\t<div class=\"elementor-social-icons-wrapper elementor-grid\" role=\"list\">\n\t\t\t\t\t\t\t<span class=\"elementor-grid-item\" role=\"listitem\">\n\t\t\t\t\t<a class=\"elementor-icon elementor-social-icon elementor-social-icon-twitter elementor-repeater-item-049712d\" target=\"_blank\">\n\t\t\t\t\t\t<span class=\"elementor-screen-only\">Gorjeo<\/span>\n\t\t\t\t\t\t<i aria-hidden=\"true\" class=\"fab fa-twitter\"><\/i>\t\t\t\t\t<\/a>\n\t\t\t\t<\/span>\n\t\t\t\t\t\t\t<span class=\"elementor-grid-item\" role=\"listitem\">\n\t\t\t\t\t<a class=\"elementor-icon elementor-social-icon elementor-social-icon-facebook-f elementor-repeater-item-030f11b\" target=\"_blank\">\n\t\t\t\t\t\t<span class=\"elementor-screen-only\">facebook-f<\/span>\n\t\t\t\t\t\t<i aria-hidden=\"true\" class=\"fab fa-facebook-f\"><\/i>\t\t\t\t\t<\/a>\n\t\t\t\t<\/span>\n\t\t\t\t\t\t\t<span class=\"elementor-grid-item\" role=\"listitem\">\n\t\t\t\t\t<a class=\"elementor-icon elementor-social-icon elementor-social-icon-google-plus-g elementor-repeater-item-9c6b4b3\" target=\"_blank\">\n\t\t\t\t\t\t<span class=\"elementor-screen-only\">Google-m\u00e1s-g<\/span>\n\t\t\t\t\t\t<i aria-hidden=\"true\" class=\"fab fa-google-plus-g\"><\/i>\t\t\t\t\t<\/a>\n\t\t\t\t<\/span>\n\t\t\t\t\t\t\t<span class=\"elementor-grid-item\" role=\"listitem\">\n\t\t\t\t\t<a class=\"elementor-icon elementor-social-icon elementor-social-icon-pinterest-p elementor-repeater-item-b977f7f\" target=\"_blank\">\n\t\t\t\t\t\t<span class=\"elementor-screen-only\">Pinterest-p<\/span>\n\t\t\t\t\t\t<i aria-hidden=\"true\" class=\"fab fa-pinterest-p\"><\/i>\t\t\t\t\t<\/a>\n\t\t\t\t<\/span>\n\t\t\t\t\t<\/div>\n\t\t\t\t\t\t<\/div>\n\t\t\t\t<\/div>\n\t\t\t\t\t<\/div>\n\t\t<\/div>\n\t\t\t\t\t<\/div>\n\t\t<\/section>\n\t\t\t\t<div class=\"elementor-element elementor-element-a742530 elementor-widget elementor-widget-heading\" data-id=\"a742530\" data-element_type=\"widget\" data-e-type=\"widget\" data-widget_type=\"heading.default\">\n\t\t\t\t<div class=\"elementor-widget-container\">\n\t\t\t\t\t<h5 class=\"elementor-heading-title elementor-size-default\">Mi biograf\u00eda<\/h5>\t\t\t\t<\/div>\n\t\t\t\t<\/div>\n\t\t\t\t<div class=\"elementor-element elementor-element-ef6bdc8 elementor-widget elementor-widget-text-editor\" data-id=\"ef6bdc8\" data-element_type=\"widget\" data-e-type=\"widget\" data-widget_type=\"text-editor.default\">\n\t\t\t\t<div class=\"elementor-widget-container\">\n\t\t\t\t\t\t\t\t\t<p>Una gran mayor\u00eda de los especialistas en marketing de aplicaciones se concentran principalmente en las t\u00e9cnicas y medidas de marketing de aplicaciones posteriores al lanzamiento, mientras que se olvidan por completo de la campa\u00f1a previa al lanzamiento. Esto evita que la aplicaci\u00f3n genere rumores y publicidad justo en el momento en que se lanza. A medida que lanza la aplicaci\u00f3n, un n\u00famero considerable de personas ya deber\u00eda esperar expectante su aplicaci\u00f3n y esto requiere esfuerzos de marketing prolongados antes del evento de lanzamiento de la aplicaci\u00f3n. Para generar entusiasmo y entusiasmo previo al lanzamiento sobre la aplicaci\u00f3n <span style=\"color: #ff8523;\">la empresa de desarrollo de aplicaciones m\u00f3viles<\/span> tiene una variedad de opciones de marketing como campa\u00f1as en redes sociales, anuncios en motores de b\u00fasqueda, anuncios en video, campa\u00f1as de correo electr\u00f3nico, etc. Adem\u00e1s de las opciones en l\u00ednea, tambi\u00e9n puede llegar a un p\u00fablico m\u00e1s amplio con opciones de marketing tradicionales como anuncios exteriores, anuncios impresos, anuncios en los medios y eventos promocionales.<\/p>\t\t\t\t\t\t\t\t<\/div>\n\t\t\t\t<\/div>\n\t\t\t\t<section class=\"elementor-section elementor-inner-section elementor-element elementor-element-984c88f elementor-section-full_width elementor-section-height-default elementor-section-height-default\" data-id=\"984c88f\" data-element_type=\"section\" data-e-type=\"section\">\n\t\t\t\t\t\t<div class=\"elementor-container elementor-column-gap-extended\">\n\t\t\t\t\t<div class=\"elementor-column elementor-col-25 elementor-inner-column elementor-element elementor-element-865ab3e ot-flex-column-vertical\" data-id=\"865ab3e\" data-element_type=\"column\" data-e-type=\"column\">\n\t\t\t<div class=\"elementor-widget-wrap elementor-element-populated\">\n\t\t\t\t\t\t<div class=\"elementor-element elementor-element-7bbffe7 elementor-widget elementor-widget-iprogress\" data-id=\"7bbffe7\" data-element_type=\"widget\" data-e-type=\"widget\" data-widget_type=\"iprogress.default\">\n\t\t\t\t<div class=\"elementor-widget-container\">\n\t\t\t\t\t\n\t\t\t\t<div class=\"circle-progress\" data-color=\"#ff8523\" data-height=\"4\" data-size=\"160\">\n\t\t\t<div class=\"inner-bar\" data-percent=\"75\">\n\t\t\t\t<span>\n\t\t\t\t\t<span class=\"percent\">75<\/span>\t\t\t\t<\/span>\n\t\t\t<\/div>\n\t\t\t<h6>an\u00e1lisis de marketing<\/h6>\t\t<\/div>\n\t\t\n\t    \t\t\t\t<\/div>\n\t\t\t\t<\/div>\n\t\t\t\t\t<\/div>\n\t\t<\/div>\n\t\t\t\t<div class=\"elementor-column elementor-col-25 elementor-inner-column elementor-element elementor-element-da47a10 ot-flex-column-vertical\" data-id=\"da47a10\" data-element_type=\"column\" data-e-type=\"column\">\n\t\t\t<div class=\"elementor-widget-wrap elementor-element-populated\">\n\t\t\t\t\t\t<div class=\"elementor-element elementor-element-a81434a elementor-widget elementor-widget-iprogress\" data-id=\"a81434a\" data-element_type=\"widget\" data-e-type=\"widget\" data-widget_type=\"iprogress.default\">\n\t\t\t\t<div class=\"elementor-widget-container\">\n\t\t\t\t\t\n\t\t\t\t<div class=\"circle-progress\" data-color=\"#ff8523\" data-height=\"4\" data-size=\"160\">\n\t\t\t<div class=\"inner-bar\" data-percent=\"65\">\n\t\t\t\t<span>\n\t\t\t\t\t<span class=\"percent\">65<\/span>\t\t\t\t<\/span>\n\t\t\t<\/div>\n\t\t\t<h6>innovaci\u00f3n empresarial<\/h6>\t\t<\/div>\n\t\t\n\t    \t\t\t\t<\/div>\n\t\t\t\t<\/div>\n\t\t\t\t\t<\/div>\n\t\t<\/div>\n\t\t\t\t<div class=\"elementor-column elementor-col-25 elementor-inner-column elementor-element elementor-element-1541169 ot-flex-column-vertical\" data-id=\"1541169\" data-element_type=\"column\" data-e-type=\"column\">\n\t\t\t<div class=\"elementor-widget-wrap elementor-element-populated\">\n\t\t\t\t\t\t<div class=\"elementor-element elementor-element-ca57b45 elementor-widget elementor-widget-iprogress\" data-id=\"ca57b45\" data-element_type=\"widget\" data-e-type=\"widget\" data-widget_type=\"iprogress.default\">\n\t\t\t\t<div class=\"elementor-widget-container\">\n\t\t\t\t\t\n\t\t\t\t<div class=\"circle-progress\" data-color=\"#ff8523\" data-height=\"4\" data-size=\"160\">\n\t\t\t<div class=\"inner-bar\" data-percent=\"90\">\n\t\t\t\t<span>\n\t\t\t\t\t<span class=\"percent\">90<\/span>\t\t\t\t<\/span>\n\t\t\t<\/div>\n\t\t\t<h6>estrategia financiera<\/h6>\t\t<\/div>\n\t\t\n\t    \t\t\t\t<\/div>\n\t\t\t\t<\/div>\n\t\t\t\t\t<\/div>\n\t\t<\/div>\n\t\t\t\t<div class=\"elementor-column elementor-col-25 elementor-inner-column elementor-element elementor-element-c75fefb ot-flex-column-vertical\" data-id=\"c75fefb\" data-element_type=\"column\" data-e-type=\"column\">\n\t\t\t<div class=\"elementor-widget-wrap elementor-element-populated\">\n\t\t\t\t\t\t<div class=\"elementor-element elementor-element-bdf3219 elementor-widget elementor-widget-iprogress\" data-id=\"bdf3219\" data-element_type=\"widget\" data-e-type=\"widget\" data-widget_type=\"iprogress.default\">\n\t\t\t\t<div class=\"elementor-widget-container\">\n\t\t\t\t\t\n\t\t\t\t<div class=\"circle-progress\" data-color=\"#ff8523\" data-height=\"4\" data-size=\"160\">\n\t\t\t<div class=\"inner-bar\" data-percent=\"45\">\n\t\t\t\t<span>\n\t\t\t\t\t<span class=\"percent\">45<\/span>\t\t\t\t<\/span>\n\t\t\t<\/div>\n\t\t\t<h6>gesti\u00f3n empresarial<\/h6>\t\t<\/div>\n\t\t\n\t    \t\t\t\t<\/div>\n\t\t\t\t<\/div>\n\t\t\t\t\t<\/div>\n\t\t<\/div>\n\t\t\t\t\t<\/div>\n\t\t<\/section>\n\t\t\t\t<div class=\"elementor-element elementor-element-17353e6 elementor-widget elementor-widget-heading\" data-id=\"17353e6\" data-element_type=\"widget\" data-e-type=\"widget\" data-widget_type=\"heading.default\">\n\t\t\t\t<div class=\"elementor-widget-container\">\n\t\t\t\t\t<h5 class=\"elementor-heading-title elementor-size-default\">My Soft &amp; Hard Skills<\/h5>\t\t\t\t<\/div>\n\t\t\t\t<\/div>\n\t\t\t\t<div class=\"elementor-element elementor-element-318c138 elementor-widget elementor-widget-text-editor\" data-id=\"318c138\" data-element_type=\"widget\" data-e-type=\"widget\" data-widget_type=\"text-editor.default\">\n\t\t\t\t<div class=\"elementor-widget-container\">\n\t\t\t\t\t\t\t\t\t<p>As\u00ed como una empresa minorista en la vida real es recordada no solo por su oferta de productos sino tambi\u00e9n por sus servicios, soporte y atenci\u00f3n al cliente, una aplicaci\u00f3n que ofrece un \u00fatil sistema de atenci\u00f3n al cliente para sus valiosos usuarios disfruta de m\u00e1s tracci\u00f3n y compromiso que otras. aplicaciones. Grandes marcas de todo el mundo gozan de reconocimiento y popularidad debido a su atenci\u00f3n y servicios amigables con el cliente.<\/p>\t\t\t\t\t\t\t\t<\/div>\n\t\t\t\t<\/div>\n\t\t\t\t<div class=\"elementor-element elementor-element-2b3ff2b elementor-widget elementor-widget-ictf7\" data-id=\"2b3ff2b\" data-element_type=\"widget\" data-e-type=\"widget\" data-widget_type=\"ictf7.default\">\n\t\t\t\t<div class=\"elementor-widget-container\">\n\t\t\t\t\t<div class=\"elementor-shortcode maxbizz-cf7-0\"><p class=\"wpcf7-contact-form-not-found\"><strong>Error:<\/strong> Formulario de contacto no encontrado.<\/p><\/div>\t\t\t\t<\/div>\n\t\t\t\t<\/div>\n\t\t\t\t\t<\/div>\n\t\t<\/div>\n\t\t\t\t\t<\/div>\n\t\t<\/section>\n\t\t\t\t<\/div>","protected":false},"excerpt":{"rendered":"<p>Peter Perish chief business project Department: Business Department Experience: 15 Years Email: perish.maxbizz@mail.com Phone: +1-800-456-478-23 Fax: +1-800-456-478-24 Twitter Facebook-f Google-plus-g Pinterest-p My Biography A vast majority of the app marketers mainly concentrate on the post-launch app marketing techniques and measures while completely missing on the pre-launch campaign. This prevents the app to create buzz and [&hellip;]<\/p>\n","protected":false},"author":1,"featured_media":0,"parent":690,"menu_order":0,"comment_status":"closed","ping_status":"closed","template":"","meta":{"_monsterinsights_skip_tracking":false,"_monsterinsights_sitenote_active":false,"_monsterinsights_sitenote_note":"","_monsterinsights_sitenote_category":0,"footnotes":""},"class_list":["post-711","page","type-page","status-publish","hentry"],"aioseo_notices":[],"_links":{"self":[{"href":"https:\/\/alerisnutrition.com\/es\/wp-json\/wp\/v2\/pages\/711","targetHints":{"allow":["GET"]}}],"collection":[{"href":"https:\/\/alerisnutrition.com\/es\/wp-json\/wp\/v2\/pages"}],"about":[{"href":"https:\/\/alerisnutrition.com\/es\/wp-json\/wp\/v2\/types\/page"}],"author":[{"embeddable":true,"href":"https:\/\/alerisnutrition.com\/es\/wp-json\/wp\/v2\/users\/1"}],"replies":[{"embeddable":true,"href":"https:\/\/alerisnutrition.com\/es\/wp-json\/wp\/v2\/comments?post=711"}],"version-history":[{"count":0,"href":"https:\/\/alerisnutrition.com\/es\/wp-json\/wp\/v2\/pages\/711\/revisions"}],"up":[{"embeddable":true,"href":"https:\/\/alerisnutrition.com\/es\/wp-json\/wp\/v2\/pages\/690"}],"wp:attachment":[{"href":"https:\/\/alerisnutrition.com\/es\/wp-json\/wp\/v2\/media?parent=711"}],"curies":[{"name":"wp","href":"https:\/\/api.w.org\/{rel}","templated":true}]}}